{"id":95,"date":"2018-05-18T17:49:10","date_gmt":"2018-05-18T20:49:10","guid":{"rendered":"https:\/\/neocultura.com.br\/tur\/?page_id=95"},"modified":"2022-11-08T13:31:37","modified_gmt":"2022-11-08T16:31:37","slug":"quien-servimos","status":"publish","type":"page","link":"https:\/\/neocultura.com.br\/tur\/es\/quien-servimos\/","title":{"rendered":"A Qui\u00e9n Servimos"},"content":{"rendered":"<p>[et_pb_section fb_built=&#8221;1&#8243; fullwidth=&#8221;on&#8221; _builder_version=&#8221;4.16&#8243; global_colors_info=&#8221;{}&#8221;][et_pb_fullwidth_image src=&#8221;https:\/\/neocultura.com.br\/tur\/wp-content\/uploads\/2018\/06\/T5-QUEM-SERVIMOS-Museu-do-\u00cdndio-1660-x-300-min.jpg&#8221; admin_label=&#8221;faixa (topo)&#8221; _builder_version=&#8221;4.16&#8243; global_colors_info=&#8221;{}&#8221;][\/et_pb_fullwidth_image][\/et_pb_section][et_pb_section fb_built=&#8221;1&#8243; _builder_version=&#8221;4.16&#8243; custom_padding=&#8221;28px||28px|&#8221; custom_css_main_element=&#8221;background-image: linear-gradient(to bottom, #B4CA8C, #5F8815);&#8221; global_colors_info=&#8221;{}&#8221;][et_pb_row _builder_version=&#8221;4.16&#8243; custom_padding=&#8221;0px||0px|&#8221; global_colors_info=&#8221;{}&#8221;][et_pb_column type=&#8221;4_4&#8243; _builder_version=&#8221;4.16&#8243; custom_padding=&#8221;|||&#8221; global_colors_info=&#8221;{}&#8221; custom_padding__hover=&#8221;|||&#8221;][et_pb_text admin_label=&#8221;A QUIEN SERVIMOS&#8221; _builder_version=&#8221;4.16&#8243; global_colors_info=&#8221;{}&#8221;]<\/p>\n<h2 style=\"text-align: center;\"><span style=\"color: #000000;\"><strong>A QUI\u00c9N SERVIMOS<\/strong><\/span><\/h2>\n<p>[\/et_pb_text][\/et_pb_column][\/et_pb_row][\/et_pb_section][et_pb_section fb_built=&#8221;1&#8243; _builder_version=&#8221;4.16&#8243; global_colors_info=&#8221;{}&#8221;][et_pb_row _builder_version=&#8221;4.16&#8243; background_size=&#8221;initial&#8221; background_position=&#8221;top_left&#8221; background_repeat=&#8221;repeat&#8221; global_colors_info=&#8221;{}&#8221;][et_pb_column type=&#8221;4_4&#8243; _builder_version=&#8221;4.16&#8243; custom_padding=&#8221;|||&#8221; global_colors_info=&#8221;{}&#8221; custom_padding__hover=&#8221;|||&#8221;][et_pb_text admin_label=&#8221;Elija su segmento de negocios y le mostraremos algunos de nuestros %22casos%22 en su mercado.&#8221; _builder_version=&#8221;4.16&#8243; global_colors_info=&#8221;{}&#8221;]<\/p>\n<p style=\"text-align: center;\">Elija su segmento de negocios y le mostraremos algunos de nuestros &#8220;casos&#8221; en su mercado.<\/p>\n<p>[\/et_pb_text][et_pb_code admin_label=&#8221;C\u00f3digo &#8211; v\u00eddeo&#8221; _builder_version=&#8221;4.16&#8243; global_colors_info=&#8221;{}&#8221;]<iframe loading=\"lazy\" width=\"560\" height=\"315\" src=\"https:\/\/www.youtube.com\/embed\/o44lM77FejM?rel=0\" frameborder=\"0\" allow=\"autoplay; encrypted-media\" allowfullscreen><\/iframe>[\/et_pb_code][\/et_pb_column][\/et_pb_row][et_pb_row _builder_version=&#8221;4.16&#8243; global_colors_info=&#8221;{}&#8221;][et_pb_column type=&#8221;4_4&#8243; _builder_version=&#8221;4.16&#8243; custom_padding=&#8221;|||&#8221; global_colors_info=&#8221;{}&#8221; custom_padding__hover=&#8221;|||&#8221;][et_pb_blurb title=&#8221;Museos, centros culturales, ferias de arte, centros de memoria, galer\u00edas de arte, &#8230;&#8221; image=&#8221;https:\/\/neocultura.com.br\/tur\/wp-content\/uploads\/2018\/05\/50-Museus.jpg&#8221; icon_placement=&#8221;left&#8221; content_max_width=&#8221;100%&#8221; admin_label=&#8221;Museos, centros culturales, ferias de arte, centros de memoria, galer\u00edas de arte, &#8230;&#8221; _builder_version=&#8221;4.16&#8243; header_font=&#8221;|700|||||||&#8221; animation=&#8221;off&#8221; global_colors_info=&#8221;{}&#8221;]<\/p>\n<p style=\"text-align: justify;\">Cuente la historia de su colecci\u00f3n a cualquier persona que est\u00e9 en su museo o en cualquier otro lugar del planeta.<\/p>\n<p>[\/et_pb_blurb][et_pb_blurb title=&#8221;Atracciones tur\u00edsticas, monumentos, &#8230;&#8221; image=&#8221;https:\/\/neocultura.com.br\/tur\/wp-content\/uploads\/2018\/05\/51-Atracoes-turisticas.jpg&#8221; icon_placement=&#8221;left&#8221; content_max_width=&#8221;100%&#8221; admin_label=&#8221;Atracciones tur\u00edsticas, monumentos, &#8230;&#8221; _builder_version=&#8221;4.16&#8243; header_font=&#8221;|700|||||||&#8221; animation=&#8221;off&#8221; global_colors_info=&#8221;{}&#8221;]<\/p>\n<p style=\"text-align: justify;\">Incluye producciones de calidad en su punto tur\u00edstico. Crea una narrativa atractiva para una gran cantidad de visitantes. Utilice las nuevas tecnolog\u00edas a trav\u00e9s de los dispositivos (celulares) de los visitantes.<\/p>\n<p>[\/et_pb_blurb][et_pb_blurb title=&#8221;Acuarios, zool\u00f3gicos y otros espacios de la vida animal.&#8221; image=&#8221;https:\/\/neocultura.com.br\/tur\/wp-content\/uploads\/2018\/05\/52-Aquarios-Zoologicos.jpg&#8221; icon_placement=&#8221;left&#8221; content_max_width=&#8221;100%&#8221; admin_label=&#8221;Acuarios, zool\u00f3gicos y otros espacios de la vida animal.&#8221; _builder_version=&#8221;4.16&#8243; header_font=&#8221;|700|||||||&#8221; animation=&#8221;off&#8221; global_colors_info=&#8221;{}&#8221;]<\/p>\n<p style=\"text-align: justify;\">Presenta los h\u00e1bitos, sonidos y caracter\u00edsticas de las especies animales, estimulando la simpat\u00eda y la concientizaci\u00f3n del p\u00fablico por la biodiversidad.<\/p>\n<p>[\/et_pb_blurb][et_pb_blurb title=&#8221;Estadios, arenas y otros lugares deportivos.&#8221; image=&#8221;https:\/\/neocultura.com.br\/tur\/wp-content\/uploads\/2018\/05\/54-Estadios.jpg&#8221; icon_placement=&#8221;left&#8221; content_max_width=&#8221;100%&#8221; admin_label=&#8221;Estadios, arenas y otros lugares deportivos.&#8221; _builder_version=&#8221;4.16&#8243; header_font=&#8221;|700|||||||&#8221; animation=&#8221;off&#8221; global_colors_info=&#8221;{}&#8221;]<\/p>\n<p style=\"text-align: justify;\">Explore la visita de su arena, incluyendo relatos de atletas y cantos de los hinchas, acercando a sus visitantes a momentos marcados del deporte.<\/p>\n<p>[\/et_pb_blurb][et_pb_blurb title=&#8221;Jardines bot\u00e1nicos, parques forestales, invernaderos, &#8230;&#8221; image=&#8221;https:\/\/neocultura.com.br\/tur\/wp-content\/uploads\/2018\/05\/53-Jardins-botanicos.jpg&#8221; icon_placement=&#8221;left&#8221; content_max_width=&#8221;100%&#8221; admin_label=&#8221;Jardines bot\u00e1nicos, parques forestales, invernaderos, &#8230;&#8221; _builder_version=&#8221;4.16&#8243; header_font=&#8221;|700|||||||&#8221; animation=&#8221;off&#8221; global_colors_info=&#8221;{}&#8221;]<\/p>\n<p style=\"text-align: justify;\">Permita que su visitante entre en sinton\u00eda con la naturaleza, haciendo el uso de sonidos buc\u00f3licos y relajantes mientras los informa.<\/p>\n<p>[\/et_pb_blurb][et_pb_blurb title=&#8221;Iglesias y dem\u00e1s lugares religiosos, de oraci\u00f3n o meditaci\u00f3n.&#8221; image=&#8221;https:\/\/neocultura.com.br\/tur\/wp-content\/uploads\/2018\/05\/55-Espacos-religiosos.jpg&#8221; icon_placement=&#8221;left&#8221; content_max_width=&#8221;100%&#8221; admin_label=&#8221;Iglesias y dem\u00e1s lugares religiosos, de oraci\u00f3n o meditaci\u00f3n.&#8221; _builder_version=&#8221;4.16&#8243; header_font=&#8221;|700|||||||&#8221; animation=&#8221;off&#8221; global_colors_info=&#8221;{}&#8221;]Dialogue con sus visitantes, presente el origen de su religi\u00f3n, o s\u00f3lo traiga paz y comodidad durante la visita. Reproduzca cantos y sonidos de las celebraciones, u opte por momentos de silencio.<br \/>\n[\/et_pb_blurb][et_pb_blurb title=&#8221;Caminatas en centros hist\u00f3ricos, sitios arqueol\u00f3gicos, parques, o visitas geogr\u00e1ficas (sightseeing) en autob\u00fas, embarcaciones acu\u00e1ticas, trenes, helic\u00f3pteros, &#8230;&#8221; image=&#8221;https:\/\/neocultura.com.br\/tur\/wp-content\/uploads\/2018\/05\/56-Centros-historicos.jpg&#8221; icon_placement=&#8221;left&#8221; content_max_width=&#8221;100%&#8221; admin_label=&#8221;Caminatas en centros hist\u00f3ricos, sitios arqueol\u00f3gicos, parques, o visitas geogr\u00e1ficas (sightseeing) en autob\u00fas, embarcaciones acu\u00e1ticas, trenes, helic\u00f3pteros, &#8230;&#8221; _builder_version=&#8221;4.16&#8243; header_font=&#8221;|700|||||||&#8221; animation=&#8221;off&#8221; global_colors_info=&#8221;{}&#8221;]Lleve la informaci\u00f3n adecuada a las personas en movimiento. Las narrativas autom\u00e1ticas pueden ser activadas por el posicionamiento GPS, de modo que las historias se reproducen en las ubicaciones exactas.<br \/>\n[\/et_pb_blurb][et_pb_blurb title=&#8221;Visitas a f\u00e1bricas e instalaciones industriales, capacitaci\u00f3n empresarial, centros de memoria o documentaci\u00f3n de grandes corporaciones, &#8230;&#8221; image=&#8221;https:\/\/neocultura.com.br\/tur\/wp-content\/uploads\/2018\/05\/57-Empresas-instalacoes-industriais.jpg&#8221; icon_placement=&#8221;left&#8221; content_max_width=&#8221;100%&#8221; admin_label=&#8221;Visitas a f\u00e1bricas e instalaciones industriales, capacitaci\u00f3n empresarial, centros de memoria o documentaci\u00f3n de grandes corporaciones, &#8230;&#8221; _builder_version=&#8221;4.16&#8243; header_font=&#8221;|700|||||||&#8221; animation=&#8221;off&#8221; global_colors_info=&#8221;{}&#8221;]Ampl\u00ede la capacidad de presentar los valores de su empresa o su parque industrial. Ampl\u00ede la conexi\u00f3n del p\u00fablico con su marca. Cu\u00e9ntele la historia de la compa\u00f1\u00eda, tan sustancial y sorprendente.<br \/>\n[\/et_pb_blurb][et_pb_blurb title=&#8221;Federaciones deportivas, equipos y comisiones arbitrales.&#8221; image=&#8221;https:\/\/neocultura.com.br\/tur\/wp-content\/uploads\/2018\/05\/Esportes-Vokkero-200-x-200.png&#8221; icon_placement=&#8221;left&#8221; content_max_width=&#8221;100%&#8221; admin_label=&#8221;Visitas a f\u00e1bricas e instalaciones industriales, capacitaci\u00f3n empresarial, centros de memoria o documentaci\u00f3n de grandes corporaciones, &#8230;&#8221; _builder_version=&#8221;4.19.0&#8243; header_font=&#8221;|700|||||||&#8221; animation=&#8221;off&#8221; hover_enabled=&#8221;0&#8243; global_colors_info=&#8221;{}&#8221; title_text=&#8221;Esportes &#8211; Vokkero &#8211; 200 x 200&#8243; sticky_enabled=&#8221;0&#8243;]<\/p>\n<p>Sistema de comunicaci\u00f3n inal\u00e1mbrica que optimiza la comunicaci\u00f3n de tu equipo, permitiendo acciones m\u00e1s r\u00e1pidas y asertivas.<\/p>\n<p>[\/et_pb_blurb][et_pb_text admin_label=&#8221;*** Si su instituci\u00f3n no est\u00e1 representada por ninguno de los segmentos anteriores, es una raz\u00f3n m\u00e1s para que estemos ansiosos por su contacto. \u00a1Nada como un nuevo desaf\u00edo!&#8221; _builder_version=&#8221;4.16&#8243; global_colors_info=&#8221;{}&#8221;]<\/p>\n<p style=\"text-align: justify;\">*** Si su instituci\u00f3n no est\u00e1 representada por ninguno de los segmentos anteriores, es una raz\u00f3n m\u00e1s para que estemos ansiosos por su contacto. \u00a1Nada como un nuevo desaf\u00edo!<\/p>\n<p style=\"text-align: justify;\">Es posible que nuestros socios internacionales ya hayan desarrollado soluciones similares para sus necesidades, para que puedan compartir sus experiencias con nosotros.<\/p>\n<p>[\/et_pb_text][\/et_pb_column][\/et_pb_row][\/et_pb_section][et_pb_section fb_built=&#8221;1&#8243; fullwidth=&#8221;on&#8221; _builder_version=&#8221;3.8&#8243; global_module=&#8221;2035&#8243; global_colors_info=&#8221;{}&#8221;][et_pb_fullwidth_menu menu_id=&#8221;77&#8243; submenu_direction=&#8221;downwards&#8221; fullwidth_menu=&#8221;on&#8221; mobile_menu_text_color=&#8221;#494949&#8243; _builder_version=&#8221;4.16&#8243; menu_font_size=&#8221;13px&#8221; background_image=&#8221;https:\/\/neocultura.com.br\/tur\/wp-content\/uploads\/2018\/06\/background.jpg&#8221; background_size=&#8221;initial&#8221; background_repeat=&#8221;repeat&#8221; text_orientation=&#8221;center&#8221; background_layout=&#8221;dark&#8221; global_colors_info=&#8221;{}&#8221;][\/et_pb_fullwidth_menu][\/et_pb_section]<\/p>\n","protected":false},"excerpt":{"rendered":"<p>A QUI\u00c9N SERVIMOS Elija su segmento de negocios y le mostraremos algunos de nuestros &#8220;casos&#8221; en su mercado. Cuente la historia de su colecci\u00f3n a cualquier persona que est\u00e9 en su museo o en cualquier otro lugar del planeta. Incluye producciones de calidad en su punto tur\u00edstico. Crea una narrativa atractiva para una gran cantidad [&hellip;]<\/p>\n","protected":false},"author":1,"featured_media":0,"parent":0,"menu_order":0,"comment_status":"closed","ping_status":"closed","template":"","meta":{"_et_pb_use_builder":"on","_et_pb_old_content":"","_et_gb_content_width":"","h5ap_radio_sources":[],"footnotes":""},"class_list":["post-95","page","type-page","status-publish","hentry"],"yoast_head":"<!-- This site is optimized with the Yoast SEO plugin v27.4 - https:\/\/yoast.com\/product\/yoast-seo-wordpress\/ -->\n<title>A Qui\u00e9n Servimos - Neocultura<\/title>\n<meta name=\"robots\" content=\"index, follow, max-snippet:-1, max-image-preview:large, max-video-preview:-1\" \/>\n<link rel=\"canonical\" href=\"https:\/\/neocultura.com.br\/tur\/es\/quien-servimos\/\" \/>\n<meta property=\"og:locale\" content=\"pt_BR\" \/>\n<meta property=\"og:type\" content=\"article\" \/>\n<meta property=\"og:title\" content=\"A Qui\u00e9n Servimos - Neocultura\" \/>\n<meta property=\"og:description\" content=\"A QUI\u00c9N SERVIMOS Elija su segmento de negocios y le mostraremos algunos de nuestros &quot;casos&quot; en su mercado. Cuente la historia de su colecci\u00f3n a cualquier persona que est\u00e9 en su museo o en cualquier otro lugar del planeta. Incluye producciones de calidad en su punto tur\u00edstico. Crea una narrativa atractiva para una gran cantidad [&hellip;]\" \/>\n<meta property=\"og:url\" content=\"https:\/\/neocultura.com.br\/tur\/es\/quien-servimos\/\" \/>\n<meta property=\"og:site_name\" content=\"Neocultura\" \/>\n<meta property=\"article:modified_time\" content=\"2022-11-08T16:31:37+00:00\" \/>\n<meta name=\"twitter:card\" content=\"summary_large_image\" \/>\n<meta name=\"twitter:label1\" content=\"Est. tempo de leitura\" \/>\n\t<meta name=\"twitter:data1\" content=\"6 minutos\" \/>\n<script type=\"application\/ld+json\" class=\"yoast-schema-graph\">{\"@context\":\"https:\\\/\\\/schema.org\",\"@graph\":[{\"@type\":\"WebPage\",\"@id\":\"https:\\\/\\\/neocultura.com.br\\\/tur\\\/es\\\/quien-servimos\\\/\",\"url\":\"https:\\\/\\\/neocultura.com.br\\\/tur\\\/es\\\/quien-servimos\\\/\",\"name\":\"A Qui\u00e9n Servimos - Neocultura\",\"isPartOf\":{\"@id\":\"https:\\\/\\\/neocultura.com.br\\\/tur\\\/#website\"},\"datePublished\":\"2018-05-18T20:49:10+00:00\",\"dateModified\":\"2022-11-08T16:31:37+00:00\",\"breadcrumb\":{\"@id\":\"https:\\\/\\\/neocultura.com.br\\\/tur\\\/es\\\/quien-servimos\\\/#breadcrumb\"},\"inLanguage\":\"pt-BR\",\"potentialAction\":[{\"@type\":\"ReadAction\",\"target\":[\"https:\\\/\\\/neocultura.com.br\\\/tur\\\/es\\\/quien-servimos\\\/\"]}]},{\"@type\":\"BreadcrumbList\",\"@id\":\"https:\\\/\\\/neocultura.com.br\\\/tur\\\/es\\\/quien-servimos\\\/#breadcrumb\",\"itemListElement\":[{\"@type\":\"ListItem\",\"position\":1,\"name\":\"Home\",\"item\":\"https:\\\/\\\/neocultura.com.br\\\/tur\\\/\"},{\"@type\":\"ListItem\",\"position\":2,\"name\":\"A Qui\u00e9n Servimos\"}]},{\"@type\":\"WebSite\",\"@id\":\"https:\\\/\\\/neocultura.com.br\\\/tur\\\/#website\",\"url\":\"https:\\\/\\\/neocultura.com.br\\\/tur\\\/\",\"name\":\"Neocultura\",\"description\":\"Neocultura\",\"potentialAction\":[{\"@type\":\"SearchAction\",\"target\":{\"@type\":\"EntryPoint\",\"urlTemplate\":\"https:\\\/\\\/neocultura.com.br\\\/tur\\\/?s={search_term_string}\"},\"query-input\":{\"@type\":\"PropertyValueSpecification\",\"valueRequired\":true,\"valueName\":\"search_term_string\"}}],\"inLanguage\":\"pt-BR\"}]}<\/script>\n<!-- \/ Yoast SEO plugin. -->","yoast_head_json":{"title":"A Qui\u00e9n Servimos - Neocultura","robots":{"index":"index","follow":"follow","max-snippet":"max-snippet:-1","max-image-preview":"max-image-preview:large","max-video-preview":"max-video-preview:-1"},"canonical":"https:\/\/neocultura.com.br\/tur\/es\/quien-servimos\/","og_locale":"pt_BR","og_type":"article","og_title":"A Qui\u00e9n Servimos - Neocultura","og_description":"A QUI\u00c9N SERVIMOS Elija su segmento de negocios y le mostraremos algunos de nuestros \"casos\" en su mercado. Cuente la historia de su colecci\u00f3n a cualquier persona que est\u00e9 en su museo o en cualquier otro lugar del planeta. Incluye producciones de calidad en su punto tur\u00edstico. Crea una narrativa atractiva para una gran cantidad [&hellip;]","og_url":"https:\/\/neocultura.com.br\/tur\/es\/quien-servimos\/","og_site_name":"Neocultura","article_modified_time":"2022-11-08T16:31:37+00:00","twitter_card":"summary_large_image","twitter_misc":{"Est. tempo de leitura":"6 minutos"},"schema":{"@context":"https:\/\/schema.org","@graph":[{"@type":"WebPage","@id":"https:\/\/neocultura.com.br\/tur\/es\/quien-servimos\/","url":"https:\/\/neocultura.com.br\/tur\/es\/quien-servimos\/","name":"A Qui\u00e9n Servimos - Neocultura","isPartOf":{"@id":"https:\/\/neocultura.com.br\/tur\/#website"},"datePublished":"2018-05-18T20:49:10+00:00","dateModified":"2022-11-08T16:31:37+00:00","breadcrumb":{"@id":"https:\/\/neocultura.com.br\/tur\/es\/quien-servimos\/#breadcrumb"},"inLanguage":"pt-BR","potentialAction":[{"@type":"ReadAction","target":["https:\/\/neocultura.com.br\/tur\/es\/quien-servimos\/"]}]},{"@type":"BreadcrumbList","@id":"https:\/\/neocultura.com.br\/tur\/es\/quien-servimos\/#breadcrumb","itemListElement":[{"@type":"ListItem","position":1,"name":"Home","item":"https:\/\/neocultura.com.br\/tur\/"},{"@type":"ListItem","position":2,"name":"A Qui\u00e9n Servimos"}]},{"@type":"WebSite","@id":"https:\/\/neocultura.com.br\/tur\/#website","url":"https:\/\/neocultura.com.br\/tur\/","name":"Neocultura","description":"Neocultura","potentialAction":[{"@type":"SearchAction","target":{"@type":"EntryPoint","urlTemplate":"https:\/\/neocultura.com.br\/tur\/?s={search_term_string}"},"query-input":{"@type":"PropertyValueSpecification","valueRequired":true,"valueName":"search_term_string"}}],"inLanguage":"pt-BR"}]}},"_links":{"self":[{"href":"https:\/\/neocultura.com.br\/tur\/wp-json\/wp\/v2\/pages\/95","targetHints":{"allow":["GET"]}}],"collection":[{"href":"https:\/\/neocultura.com.br\/tur\/wp-json\/wp\/v2\/pages"}],"about":[{"href":"https:\/\/neocultura.com.br\/tur\/wp-json\/wp\/v2\/types\/page"}],"author":[{"embeddable":true,"href":"https:\/\/neocultura.com.br\/tur\/wp-json\/wp\/v2\/users\/1"}],"replies":[{"embeddable":true,"href":"https:\/\/neocultura.com.br\/tur\/wp-json\/wp\/v2\/comments?post=95"}],"version-history":[{"count":0,"href":"https:\/\/neocultura.com.br\/tur\/wp-json\/wp\/v2\/pages\/95\/revisions"}],"wp:attachment":[{"href":"https:\/\/neocultura.com.br\/tur\/wp-json\/wp\/v2\/media?parent=95"}],"curies":[{"name":"wp","href":"https:\/\/api.w.org\/{rel}","templated":true}]}}