{"id":90,"date":"2018-05-18T17:47:26","date_gmt":"2018-05-18T20:47:26","guid":{"rendered":"https:\/\/neocultura.com.br\/tur\/?page_id=90"},"modified":"2022-11-08T13:29:40","modified_gmt":"2022-11-08T16:29:40","slug":"quem-servimos","status":"publish","type":"page","link":"https:\/\/neocultura.com.br\/tur\/quem-servimos\/","title":{"rendered":"QUEM SERVIMOS"},"content":{"rendered":"<p>[et_pb_section fb_built=&#8221;1&#8243; fullwidth=&#8221;on&#8221; _builder_version=&#8221;4.16&#8243; global_colors_info=&#8221;{}&#8221;][et_pb_fullwidth_image src=&#8221;https:\/\/neocultura.com.br\/tur\/wp-content\/uploads\/2018\/06\/T5-QUEM-SERVIMOS-Museu-do-\u00cdndio-1660-x-300-min.jpg&#8221; admin_label=&#8221;faixa (topo)&#8221; _builder_version=&#8221;4.16&#8243; global_colors_info=&#8221;{}&#8221;][\/et_pb_fullwidth_image][\/et_pb_section][et_pb_section fb_built=&#8221;1&#8243; _builder_version=&#8221;4.16&#8243; custom_padding=&#8221;28px||28px|&#8221; custom_css_main_element=&#8221;background-image: linear-gradient(to bottom, #B4CA8C, #5F8815);&#8221; global_colors_info=&#8221;{}&#8221;][et_pb_row _builder_version=&#8221;4.16&#8243; custom_padding=&#8221;0px||0px|&#8221; global_colors_info=&#8221;{}&#8221;][et_pb_column type=&#8221;4_4&#8243; _builder_version=&#8221;4.16&#8243; custom_padding=&#8221;|||&#8221; global_colors_info=&#8221;{}&#8221; custom_padding__hover=&#8221;|||&#8221;][et_pb_text admin_label=&#8221;QUEM SERVIMOS&#8221; _builder_version=&#8221;4.16&#8243; global_colors_info=&#8221;{}&#8221;]<\/p>\n<h2 style=\"text-align: center;\"><span style=\"color: #000000;\"><strong>QUEM SERVIMOS<\/strong><\/span><\/h2>\n<p>[\/et_pb_text][\/et_pb_column][\/et_pb_row][\/et_pb_section][et_pb_section fb_built=&#8221;1&#8243; _builder_version=&#8221;4.16&#8243; global_colors_info=&#8221;{}&#8221;][et_pb_row _builder_version=&#8221;4.16&#8243; background_size=&#8221;initial&#8221; background_position=&#8221;top_left&#8221; background_repeat=&#8221;repeat&#8221; global_colors_info=&#8221;{}&#8221;][et_pb_column type=&#8221;4_4&#8243; _builder_version=&#8221;4.16&#8243; custom_padding=&#8221;|||&#8221; global_colors_info=&#8221;{}&#8221; custom_padding__hover=&#8221;|||&#8221;][et_pb_text admin_label=&#8221;Escolha o seu segmento de atua\u00e7\u00e3o e mostraremos algum de nossos \u201ccases\u201d nesta \u00e1rea.&#8221; _builder_version=&#8221;4.16&#8243; global_colors_info=&#8221;{}&#8221;]<\/p>\n<p style=\"text-align: center;\">Escolha o seu segmento de atua\u00e7\u00e3o e mostraremos algum de nossos \u201ccases\u201d nesta \u00e1rea.<\/p>\n<p>[\/et_pb_text][et_pb_code admin_label=&#8221;C\u00f3digo &#8211; v\u00eddeo&#8221; _builder_version=&#8221;4.16&#8243; global_colors_info=&#8221;{}&#8221;]<iframe loading=\"lazy\" width=\"560\" height=\"315\" src=\"https:\/\/www.youtube.com\/embed\/o44lM77FejM?rel=0\" frameborder=\"0\" allow=\"autoplay; encrypted-media\" allowfullscreen><\/iframe>[\/et_pb_code][\/et_pb_column][\/et_pb_row][et_pb_row _builder_version=&#8221;4.16&#8243; global_colors_info=&#8221;{}&#8221;][et_pb_column type=&#8221;4_4&#8243; _builder_version=&#8221;4.16&#8243; custom_padding=&#8221;|||&#8221; global_colors_info=&#8221;{}&#8221; custom_padding__hover=&#8221;|||&#8221;][et_pb_blurb title=&#8221;Museus, centros culturais, feiras de arte, centros de mem\u00f3ria, galerias de arte, &#8230;&#8221; image=&#8221;https:\/\/neocultura.com.br\/tur\/wp-content\/uploads\/2018\/05\/50-Museus.jpg&#8221; icon_placement=&#8221;left&#8221; content_max_width=&#8221;100%&#8221; admin_label=&#8221;Museus, centros culturais, feiras de arte, centros de mem\u00f3ria, galerias de arte, &#8230;&#8221; _builder_version=&#8221;4.16&#8243; header_font=&#8221;|700|||||||&#8221; animation=&#8221;off&#8221; global_colors_info=&#8221;{}&#8221;]<\/p>\n<p style=\"text-align: justify;\">Conte a hist\u00f3ria do seu acervo para quem estiver no seu museu, ou em qualquer outro local do planeta.<\/p>\n<p>[\/et_pb_blurb][et_pb_blurb title=&#8221;Atra\u00e7\u00f5es tur\u00edsticas, monumentos, &#8230;&#8221; image=&#8221;https:\/\/neocultura.com.br\/tur\/wp-content\/uploads\/2018\/05\/51-Atracoes-turisticas.jpg&#8221; icon_placement=&#8221;left&#8221; content_max_width=&#8221;100%&#8221; admin_label=&#8221;Atra\u00e7\u00f5es tur\u00edsticas, monumentos, &#8230;&#8221; _builder_version=&#8221;4.16&#8243; header_font=&#8221;|700|||||||&#8221; animation=&#8221;off&#8221; global_colors_info=&#8221;{}&#8221;]<\/p>\n<p style=\"text-align: justify;\">Inclua produ\u00e7\u00f5es de qualidade em seu ponto tur\u00edstico. Aproveite a grande quantidade de visitantes e crie uma narrativa envolvente. Fa\u00e7a uso de novas tecnologias, usando os dispositivos (celulares) dos pr\u00f3prios visitantes.<\/p>\n<p>[\/et_pb_blurb][et_pb_blurb title=&#8221;Aqu\u00e1rios, zool\u00f3gicos, e demais espa\u00e7os de vida animal.&#8221; image=&#8221;https:\/\/neocultura.com.br\/tur\/wp-content\/uploads\/2018\/05\/52-Aquarios-Zoologicos.jpg&#8221; icon_placement=&#8221;left&#8221; content_max_width=&#8221;100%&#8221; admin_label=&#8221;Aqu\u00e1rios, zool\u00f3gicos, e demais espa\u00e7os de vida animal.&#8221; _builder_version=&#8221;4.16&#8243; header_font=&#8221;|700|||||||&#8221; animation=&#8221;off&#8221; global_colors_info=&#8221;{}&#8221;]<\/p>\n<p style=\"text-align: justify;\">Apresente h\u00e1bitos, sons e caracter\u00edsticas das esp\u00e9cies animais, estimulando a simpatia e a conscientiza\u00e7\u00e3o do p\u00fablico pela biodiversidade.<\/p>\n<p>[\/et_pb_blurb][et_pb_blurb title=&#8221;Est\u00e1dios, arenas e espa\u00e7os esportivos.&#8221; image=&#8221;https:\/\/neocultura.com.br\/tur\/wp-content\/uploads\/2018\/05\/54-Estadios.jpg&#8221; icon_placement=&#8221;left&#8221; content_max_width=&#8221;100%&#8221; admin_label=&#8221;Est\u00e1dios, arenas e espa\u00e7os esportivos.&#8221; _builder_version=&#8221;4.16&#8243; header_font=&#8221;|700|||||||&#8221; animation=&#8221;off&#8221; global_colors_info=&#8221;{}&#8221;]<\/p>\n<p style=\"text-align: justify;\">Explore a visita de sua arena, incluindo relatos de atletas e cantos das torcidas, aproximando seus visitantes de momentos marcantes do esporte.<\/p>\n<p>[\/et_pb_blurb][et_pb_blurb title=&#8221;Jardins bot\u00e2nicos, parques florestais, estufas,&#8230; &#8221; image=&#8221;https:\/\/neocultura.com.br\/tur\/wp-content\/uploads\/2018\/05\/53-Jardins-botanicos.jpg&#8221; icon_placement=&#8221;left&#8221; content_max_width=&#8221;100%&#8221; admin_label=&#8221;Jardins bot\u00e2nicos, parques florestais, estufas, &#8230; &#8221; _builder_version=&#8221;4.16&#8243; header_font=&#8221;|700|||||||&#8221; animation=&#8221;off&#8221; global_colors_info=&#8221;{}&#8221;]<\/p>\n<p style=\"text-align: justify;\">Permita que seu visitante entre em sintonia com a natureza, fazendo o uso de sons buc\u00f3licos e relaxantes enquanto os informa.<\/p>\n<p>[\/et_pb_blurb][et_pb_blurb title=&#8221;Igrejas e demais locais religiosos, de ora\u00e7\u00e3o ou medita\u00e7\u00e3o.&#8221; image=&#8221;https:\/\/neocultura.com.br\/tur\/wp-content\/uploads\/2018\/05\/55-Espacos-religiosos.jpg&#8221; icon_placement=&#8221;left&#8221; content_max_width=&#8221;100%&#8221; admin_label=&#8221;Igrejas e demais locais religiosos, de ora\u00e7\u00e3o ou medita\u00e7\u00e3o.&#8221; _builder_version=&#8221;4.16&#8243; header_font=&#8221;|700|||||||&#8221; animation=&#8221;off&#8221; global_colors_info=&#8221;{}&#8221;]Dialogue com seus visitantes, apresente a origem de sua religi\u00e3o, ou apenas traga paz e conforto durante a visita. Reproduza cantos e sons das celebra\u00e7\u00f5es, ou opte por momentos de sil\u00eancio.<br \/>\n[\/et_pb_blurb][et_pb_blurb title=&#8221;Caminhadas em centros hist\u00f3ricos, s\u00edtios arqueol\u00f3gicos, parques, ou visitas geolocalizadas (sightseeing) por \u00f4nibus, embarca\u00e7\u00f5es aqu\u00e1ticas, trem, helic\u00f3pteros, &#8230; &#8221; image=&#8221;https:\/\/neocultura.com.br\/tur\/wp-content\/uploads\/2018\/05\/56-Centros-historicos.jpg&#8221; icon_placement=&#8221;left&#8221; content_max_width=&#8221;100%&#8221; admin_label=&#8221;Caminhadas em centros hist\u00f3ricos, s\u00edtios arqueol\u00f3gicos, parques, ou visitas geolocalizadas (sightseeing) por \u00f4nibus, embarca\u00e7\u00f5es aqu\u00e1ticas, trem, helic\u00f3pteros, &#8230; &#8221; _builder_version=&#8221;4.16&#8243; header_font=&#8221;|700|||||||&#8221; animation=&#8221;off&#8221; global_colors_info=&#8221;{}&#8221;]Leve informa\u00e7\u00f5es adequadas \u00e0s pessoas, em movimento, que participam de seu tour. Automatize a narrativa, de forma que hist\u00f3rias sejam reproduzidas nos exatos locais (GPS) escolhidos.<br \/>\n[\/et_pb_blurb][et_pb_blurb title=&#8221;Visitas a f\u00e1bricas e instala\u00e7\u00f5es industriais, treinamento empresarial, centros de mem\u00f3ria ou documenta\u00e7\u00e3o de grandes corpora\u00e7\u00f5es, &#8230;&#8221; image=&#8221;https:\/\/neocultura.com.br\/tur\/wp-content\/uploads\/2018\/05\/57-Empresas-instalacoes-industriais.jpg&#8221; icon_placement=&#8221;left&#8221; content_max_width=&#8221;100%&#8221; admin_label=&#8221;Visitas a f\u00e1bricas e instala\u00e7\u00f5es industriais, treinamento empresarial, centros de mem\u00f3ria ou documenta\u00e7\u00e3o de grandes corpora\u00e7\u00f5es, &#8230;&#8221; _builder_version=&#8221;4.16&#8243; header_font=&#8221;|700|||||||&#8221; animation=&#8221;off&#8221; global_colors_info=&#8221;{}&#8221;]Amplie a capacidade de apresentar os valores de sua empresa, seu parque industrial, ou ampliar a conex\u00e3o do p\u00fablico com a sua marca. Conte a hist\u00f3ria da empresa. Por muitas vezes, muito rica e surpreendente.<br \/>\n[\/et_pb_blurb][et_pb_blurb title=&#8221;Federa\u00e7\u00f5es esportivas, times e comiss\u00f5es de arbitragem.&#8221; image=&#8221;https:\/\/neocultura.com.br\/tur\/wp-content\/uploads\/2018\/05\/Esportes-Vokkero-200-x-200.png&#8221; icon_placement=&#8221;left&#8221; content_max_width=&#8221;100%&#8221; admin_label=&#8221;Visitas a f\u00e1bricas e instala\u00e7\u00f5es industriais, treinamento empresarial, centros de mem\u00f3ria ou documenta\u00e7\u00e3o de grandes corpora\u00e7\u00f5es, &#8230;&#8221; _builder_version=&#8221;4.19.0&#8243; header_font=&#8221;|700|||||||&#8221; animation=&#8221;off&#8221; hover_enabled=&#8221;0&#8243; global_colors_info=&#8221;{}&#8221; title_text=&#8221;Esportes &#8211; Vokkero &#8211; 200 x 200&#8243; sticky_enabled=&#8221;0&#8243;]<\/p>\n<p>Sistema de comunica\u00e7\u00e3o sem fio que otimiza a comunica\u00e7\u00e3o de sua equipe, permitindo a\u00e7\u00f5es mais r\u00e1pidas e asserivas.<\/p>\n<p>[\/et_pb_blurb][et_pb_text admin_label=&#8221;*** Caso sua institui\u00e7\u00e3o n\u00e3o esteja representada por nenhum dos segmentos acima, mais um motivo para estarmos ansiosos pelo seu contato. Nada como um novo desafio.&#8221; _builder_version=&#8221;4.16&#8243; global_colors_info=&#8221;{}&#8221;]<\/p>\n<p style=\"text-align: justify;\">*** Caso sua institui\u00e7\u00e3o n\u00e3o esteja representada por nenhum dos segmentos acima, mais um motivo para estarmos ansiosos pelo seu contato. Nada como um novo desafio.<\/p>\n<p style=\"text-align: justify;\">Nossos parceiros internacionais podem j\u00e1 ter desenvolvido solu\u00e7\u00f5es semelhantes ao seu desejo, podendo compartilhar suas experi\u00eancias conosco.<\/p>\n<p>[\/et_pb_text][\/et_pb_column][\/et_pb_row][\/et_pb_section]<\/p>\n","protected":false},"excerpt":{"rendered":"<p>QUEM SERVIMOS Escolha o seu segmento de atua\u00e7\u00e3o e mostraremos algum de nossos \u201ccases\u201d nesta \u00e1rea. Conte a hist\u00f3ria do seu acervo para quem estiver no seu museu, ou em qualquer outro local do planeta. Inclua produ\u00e7\u00f5es de qualidade em seu ponto tur\u00edstico. Aproveite a grande quantidade de visitantes e crie uma narrativa envolvente. Fa\u00e7a [&hellip;]<\/p>\n","protected":false},"author":1,"featured_media":0,"parent":0,"menu_order":0,"comment_status":"closed","ping_status":"closed","template":"","meta":{"_et_pb_use_builder":"on","_et_pb_old_content":"","_et_gb_content_width":"","h5ap_radio_sources":[],"footnotes":""},"class_list":["post-90","page","type-page","status-publish","hentry"],"yoast_head":"<!-- This site is optimized with the Yoast SEO plugin v27.3 - https:\/\/yoast.com\/product\/yoast-seo-wordpress\/ -->\n<title>QUEM SERVIMOS - Neocultura<\/title>\n<meta name=\"robots\" content=\"index, follow, max-snippet:-1, max-image-preview:large, max-video-preview:-1\" \/>\n<link rel=\"canonical\" href=\"https:\/\/neocultura.com.br\/tur\/quem-servimos\/\" \/>\n<meta property=\"og:locale\" content=\"pt_BR\" \/>\n<meta property=\"og:type\" content=\"article\" \/>\n<meta property=\"og:title\" content=\"QUEM SERVIMOS - Neocultura\" \/>\n<meta property=\"og:description\" content=\"QUEM SERVIMOS Escolha o seu segmento de atua\u00e7\u00e3o e mostraremos algum de nossos \u201ccases\u201d nesta \u00e1rea. Conte a hist\u00f3ria do seu acervo para quem estiver no seu museu, ou em qualquer outro local do planeta. Inclua produ\u00e7\u00f5es de qualidade em seu ponto tur\u00edstico. Aproveite a grande quantidade de visitantes e crie uma narrativa envolvente. Fa\u00e7a [&hellip;]\" \/>\n<meta property=\"og:url\" content=\"https:\/\/neocultura.com.br\/tur\/quem-servimos\/\" \/>\n<meta property=\"og:site_name\" content=\"Neocultura\" \/>\n<meta property=\"article:modified_time\" content=\"2022-11-08T16:29:40+00:00\" \/>\n<meta name=\"twitter:card\" content=\"summary_large_image\" \/>\n<meta name=\"twitter:label1\" content=\"Est. tempo de leitura\" \/>\n\t<meta name=\"twitter:data1\" content=\"3 minutos\" \/>\n<script type=\"application\/ld+json\" class=\"yoast-schema-graph\">{\"@context\":\"https:\\\/\\\/schema.org\",\"@graph\":[{\"@type\":\"WebPage\",\"@id\":\"https:\\\/\\\/neocultura.com.br\\\/tur\\\/quem-servimos\\\/\",\"url\":\"https:\\\/\\\/neocultura.com.br\\\/tur\\\/quem-servimos\\\/\",\"name\":\"QUEM SERVIMOS - Neocultura\",\"isPartOf\":{\"@id\":\"https:\\\/\\\/neocultura.com.br\\\/tur\\\/#website\"},\"datePublished\":\"2018-05-18T20:47:26+00:00\",\"dateModified\":\"2022-11-08T16:29:40+00:00\",\"breadcrumb\":{\"@id\":\"https:\\\/\\\/neocultura.com.br\\\/tur\\\/quem-servimos\\\/#breadcrumb\"},\"inLanguage\":\"pt-BR\",\"potentialAction\":[{\"@type\":\"ReadAction\",\"target\":[\"https:\\\/\\\/neocultura.com.br\\\/tur\\\/quem-servimos\\\/\"]}]},{\"@type\":\"BreadcrumbList\",\"@id\":\"https:\\\/\\\/neocultura.com.br\\\/tur\\\/quem-servimos\\\/#breadcrumb\",\"itemListElement\":[{\"@type\":\"ListItem\",\"position\":1,\"name\":\"Home\",\"item\":\"https:\\\/\\\/neocultura.com.br\\\/tur\\\/\"},{\"@type\":\"ListItem\",\"position\":2,\"name\":\"QUEM SERVIMOS\"}]},{\"@type\":\"WebSite\",\"@id\":\"https:\\\/\\\/neocultura.com.br\\\/tur\\\/#website\",\"url\":\"https:\\\/\\\/neocultura.com.br\\\/tur\\\/\",\"name\":\"Neocultura\",\"description\":\"Neocultura\",\"potentialAction\":[{\"@type\":\"SearchAction\",\"target\":{\"@type\":\"EntryPoint\",\"urlTemplate\":\"https:\\\/\\\/neocultura.com.br\\\/tur\\\/?s={search_term_string}\"},\"query-input\":{\"@type\":\"PropertyValueSpecification\",\"valueRequired\":true,\"valueName\":\"search_term_string\"}}],\"inLanguage\":\"pt-BR\"}]}<\/script>\n<!-- \/ Yoast SEO plugin. -->","yoast_head_json":{"title":"QUEM SERVIMOS - Neocultura","robots":{"index":"index","follow":"follow","max-snippet":"max-snippet:-1","max-image-preview":"max-image-preview:large","max-video-preview":"max-video-preview:-1"},"canonical":"https:\/\/neocultura.com.br\/tur\/quem-servimos\/","og_locale":"pt_BR","og_type":"article","og_title":"QUEM SERVIMOS - Neocultura","og_description":"QUEM SERVIMOS Escolha o seu segmento de atua\u00e7\u00e3o e mostraremos algum de nossos \u201ccases\u201d nesta \u00e1rea. Conte a hist\u00f3ria do seu acervo para quem estiver no seu museu, ou em qualquer outro local do planeta. Inclua produ\u00e7\u00f5es de qualidade em seu ponto tur\u00edstico. Aproveite a grande quantidade de visitantes e crie uma narrativa envolvente. Fa\u00e7a [&hellip;]","og_url":"https:\/\/neocultura.com.br\/tur\/quem-servimos\/","og_site_name":"Neocultura","article_modified_time":"2022-11-08T16:29:40+00:00","twitter_card":"summary_large_image","twitter_misc":{"Est. tempo de leitura":"3 minutos"},"schema":{"@context":"https:\/\/schema.org","@graph":[{"@type":"WebPage","@id":"https:\/\/neocultura.com.br\/tur\/quem-servimos\/","url":"https:\/\/neocultura.com.br\/tur\/quem-servimos\/","name":"QUEM SERVIMOS - Neocultura","isPartOf":{"@id":"https:\/\/neocultura.com.br\/tur\/#website"},"datePublished":"2018-05-18T20:47:26+00:00","dateModified":"2022-11-08T16:29:40+00:00","breadcrumb":{"@id":"https:\/\/neocultura.com.br\/tur\/quem-servimos\/#breadcrumb"},"inLanguage":"pt-BR","potentialAction":[{"@type":"ReadAction","target":["https:\/\/neocultura.com.br\/tur\/quem-servimos\/"]}]},{"@type":"BreadcrumbList","@id":"https:\/\/neocultura.com.br\/tur\/quem-servimos\/#breadcrumb","itemListElement":[{"@type":"ListItem","position":1,"name":"Home","item":"https:\/\/neocultura.com.br\/tur\/"},{"@type":"ListItem","position":2,"name":"QUEM SERVIMOS"}]},{"@type":"WebSite","@id":"https:\/\/neocultura.com.br\/tur\/#website","url":"https:\/\/neocultura.com.br\/tur\/","name":"Neocultura","description":"Neocultura","potentialAction":[{"@type":"SearchAction","target":{"@type":"EntryPoint","urlTemplate":"https:\/\/neocultura.com.br\/tur\/?s={search_term_string}"},"query-input":{"@type":"PropertyValueSpecification","valueRequired":true,"valueName":"search_term_string"}}],"inLanguage":"pt-BR"}]}},"_links":{"self":[{"href":"https:\/\/neocultura.com.br\/tur\/wp-json\/wp\/v2\/pages\/90","targetHints":{"allow":["GET"]}}],"collection":[{"href":"https:\/\/neocultura.com.br\/tur\/wp-json\/wp\/v2\/pages"}],"about":[{"href":"https:\/\/neocultura.com.br\/tur\/wp-json\/wp\/v2\/types\/page"}],"author":[{"embeddable":true,"href":"https:\/\/neocultura.com.br\/tur\/wp-json\/wp\/v2\/users\/1"}],"replies":[{"embeddable":true,"href":"https:\/\/neocultura.com.br\/tur\/wp-json\/wp\/v2\/comments?post=90"}],"version-history":[{"count":0,"href":"https:\/\/neocultura.com.br\/tur\/wp-json\/wp\/v2\/pages\/90\/revisions"}],"wp:attachment":[{"href":"https:\/\/neocultura.com.br\/tur\/wp-json\/wp\/v2\/media?parent=90"}],"curies":[{"name":"wp","href":"https:\/\/api.w.org\/{rel}","templated":true}]}}