{"id":54,"date":"2018-05-18T16:51:16","date_gmt":"2018-05-18T16:51:16","guid":{"rendered":"https:\/\/neocultura.com.br\/tur\/?page_id=54"},"modified":"2024-04-19T11:16:23","modified_gmt":"2024-04-19T14:16:23","slug":"quienes-somos","status":"publish","type":"page","link":"https:\/\/neocultura.com.br\/tur\/es\/quienes-somos\/","title":{"rendered":"Quienes Somos"},"content":{"rendered":"<p>[et_pb_section fb_built=&#8221;1&#8243; _builder_version=&#8221;4.16&#8243; custom_margin=&#8221;0px|||&#8221; custom_padding=&#8221;0px|||&#8221; global_colors_info=&#8221;{}&#8221;][et_pb_row _builder_version=&#8221;4.16&#8243; custom_margin=&#8221;0px|||&#8221; custom_padding=&#8221;0px|||&#8221; global_colors_info=&#8221;{}&#8221;][et_pb_column type=&#8221;4_4&#8243; _builder_version=&#8221;4.16&#8243; custom_padding=&#8221;|||&#8221; global_colors_info=&#8221;{}&#8221; custom_padding__hover=&#8221;|||&#8221;][et_pb_code admin_label=&#8221;C\u00f3digo &#8211; slider topo&#8221; _builder_version=&#8221;4.16&#8243; global_colors_info=&#8221;{}&#8221;][\/et_pb_code][\/et_pb_column][\/et_pb_row][\/et_pb_section][et_pb_section fb_built=&#8221;1&#8243; inner_shadow=&#8221;on&#8221; admin_label=&#8221;CTA Bar Section&#8221; _builder_version=&#8221;4.16&#8243; background_color=&#8221;#cecece&#8221; background_color_gradient_start=&#8221;#ffffff&#8221; background_color_gradient_end=&#8221;#828282&#8243; custom_padding=&#8221;28px||28px|&#8221; custom_css_main_element=&#8221;background-image: linear-gradient(to bottom, #B4CA8C, #5F8815);&#8221; box_shadow_style=&#8221;preset3&#8243; global_colors_info=&#8221;{}&#8221;][et_pb_row admin_label=&#8221;CTA Bar Area&#8221; _builder_version=&#8221;4.16&#8243; background_size=&#8221;initial&#8221; background_position=&#8221;top_left&#8221; background_repeat=&#8221;repeat&#8221; custom_padding=&#8221;0px||0px|&#8221; global_colors_info=&#8221;{}&#8221;][et_pb_column type=&#8221;4_4&#8243; _builder_version=&#8221;4.16&#8243; custom_padding=&#8221;|||&#8221; global_colors_info=&#8221;{}&#8221; custom_padding__hover=&#8221;|||&#8221;][et_pb_text admin_label=&#8221;QUIENES SOMOS&#8221; _builder_version=&#8221;4.16&#8243; text_font=&#8221;Raleway|800|||||||&#8221; text_font_size=&#8221;26px&#8221; link_font=&#8221;Open Sans||||||||&#8221; link_text_color=&#8221;#0099e5&#8243; link_font_size=&#8221;18px&#8221; header_3_font=&#8221;Open Sans|700|||||||&#8221; header_3_font_size=&#8221;24px&#8221; text_orientation=&#8221;center&#8221; custom_margin=&#8221;|||&#8221; custom_padding=&#8221;|||&#8221; global_colors_info=&#8221;{}&#8221;]<\/p>\n<p style=\"text-align: center;\"><strong>QUI\u00c9NES SOMOS<\/strong><\/p>\n<p>[\/et_pb_text][\/et_pb_column][\/et_pb_row][\/et_pb_section][et_pb_section fb_built=&#8221;1&#8243; _builder_version=&#8221;4.16&#8243; global_colors_info=&#8221;{}&#8221;][et_pb_row _builder_version=&#8221;4.16&#8243; background_size=&#8221;initial&#8221; background_position=&#8221;top_left&#8221; background_repeat=&#8221;repeat&#8221; global_colors_info=&#8221;{}&#8221;][et_pb_column type=&#8221;4_4&#8243; _builder_version=&#8221;4.16&#8243; custom_padding=&#8221;|||&#8221; global_colors_info=&#8221;{}&#8221; custom_padding__hover=&#8221;|||&#8221;][et_pb_text admin_label=&#8221;La NEOCULTURA surgi\u00f3 en 2006 de la pasi\u00f3n de amigos por el TURISMO y su entusiasmo por los MUSEOS.&#8221; _builder_version=&#8221;4.25.0&#8243; hover_enabled=&#8221;0&#8243; global_colors_info=&#8221;{}&#8221; sticky_enabled=&#8221;0&#8243;]<\/p>\n<p style=\"text-align: justify;\">La<strong> NEOCULTURA<\/strong> surgi\u00f3 en 2006 de la pasi\u00f3n de amigos por el TURISMO y su entusiasmo por los MUSEOS.<\/p>\n<p style=\"text-align: justify;\">El prefijo NEO, en lat\u00edn, significa NOVA.<\/p>\n<p style=\"text-align: justify;\">NEOCULTURA denota, por lo tanto, nuestra intenci\u00f3n de mejorar y modernizar el acceso a la CULTURA a trav\u00e9s de soluciones innovadoras. Nuestro logotipo retrata el inmenso deseo de difundir el conocimiento y llevar CULTURA a todos los rincones de Brasil.<\/p>\n<p style=\"text-align: justify;\">Somos entusiastas contadores de historias.<\/p>\n<p style=\"text-align: justify;\">Intentamos CONTAR LA HISTORIA de nuestros clientes de una manera atractiva y divertida. ENTRETENIMIENTO y EDUCACI\u00d3N son nuestros principales objetivos. Por este motivo, siempre estamos en busca de la TECNOLOG\u00cdA adecuada para mejorar el acceso a las colecciones de nuestros clientes.<\/p>\n<p style=\"text-align: justify;\">Nuestras soluciones de audio tour, desarrolladas en varios idiomas, est\u00e1n dise\u00f1adas para satisfacer las expectativas de los visitantes locales y extranjeros, y las personas que necesitan cuidados especiales.<\/p>\n<p style=\"text-align: justify;\">El \u00e9xito de NEOCULTURA nos ha animado a expandir nuestro trabajo a otros sectores comerciales. Este es el motivo de un reciente lanzamiento de 2 nuevas unidades de negocio: <strong>NEOESPORTE<\/strong> y <strong>NEOTURISMO<\/strong>.<\/p>\n<p>[\/et_pb_text][\/et_pb_column][\/et_pb_row][et_pb_row _builder_version=&#8221;4.16&#8243; max_width=&#8221;800px&#8221; use_custom_width=&#8221;on&#8221; custom_width_px=&#8221;800px&#8221; global_colors_info=&#8221;{}&#8221; column_structure=&#8221;1_2,1_2&#8243;][et_pb_column type=&#8221;1_2&#8243; _builder_version=&#8221;4.16&#8243; custom_padding=&#8221;|||&#8221; global_colors_info=&#8221;{}&#8221; custom_padding__hover=&#8221;|||&#8221;][et_pb_image src=&#8221;https:\/\/neocultura.com.br\/tur\/wp-content\/uploads\/2018\/05\/logo-neoesporte.jpg&#8221; align=&#8221;center&#8221; align_tablet=&#8221;center&#8221; align_last_edited=&#8221;on|desktop&#8221; admin_label=&#8221;logo neo esporte&#8221; _builder_version=&#8221;4.16&#8243; global_colors_info=&#8221;{}&#8221; align_phone=&#8221;center&#8221;][\/et_pb_image][\/et_pb_column][et_pb_column type=&#8221;1_2&#8243; _builder_version=&#8221;4.16&#8243; custom_padding=&#8221;|||&#8221; global_colors_info=&#8221;{}&#8221; custom_padding__hover=&#8221;|||&#8221;][et_pb_image src=&#8221;https:\/\/neocultura.com.br\/tur\/wp-content\/uploads\/2018\/05\/logo-neoturismo2.jpg&#8221; align=&#8221;center&#8221; align_tablet=&#8221;center&#8221; align_last_edited=&#8221;on|desktop&#8221; admin_label=&#8221;logo neo turismo&#8221; _builder_version=&#8221;4.16&#8243; global_colors_info=&#8221;{}&#8221; align_phone=&#8221;center&#8221;][\/et_pb_image][\/et_pb_column][\/et_pb_row][\/et_pb_section][et_pb_section fb_built=&#8221;1&#8243; inner_shadow=&#8221;on&#8221; admin_label=&#8221;CTA Bar Section&#8221; _builder_version=&#8221;4.16&#8243; background_color=&#8221;#cecece&#8221; background_color_gradient_start=&#8221;#cccccc&#8221; background_color_gradient_end=&#8221;#828282&#8243; custom_padding=&#8221;28px||28px|&#8221; custom_css_main_element=&#8221;background-image: linear-gradient(to bottom, #B4CA8C, #5F8815);&#8221; box_shadow_style=&#8221;preset3&#8243; global_colors_info=&#8221;{}&#8221;][et_pb_row admin_label=&#8221;CTA Bar Area&#8221; _builder_version=&#8221;4.16&#8243; background_size=&#8221;initial&#8221; background_position=&#8221;top_left&#8221; background_repeat=&#8221;repeat&#8221; custom_padding=&#8221;0px||0px|&#8221; global_colors_info=&#8221;{}&#8221;][et_pb_column type=&#8221;4_4&#8243; _builder_version=&#8221;4.16&#8243; custom_padding=&#8221;|||&#8221; global_colors_info=&#8221;{}&#8221; custom_padding__hover=&#8221;|||&#8221;][et_pb_text admin_label=&#8221;NOTICIAS&#8221; _builder_version=&#8221;4.16&#8243; text_font=&#8221;Raleway|800|||||||&#8221; text_font_size=&#8221;26px&#8221; link_font=&#8221;Open Sans||||||||&#8221; link_text_color=&#8221;#0099e5&#8243; link_font_size=&#8221;18px&#8221; header_3_font=&#8221;Open Sans|700|||||||&#8221; header_3_font_size=&#8221;24px&#8221; text_orientation=&#8221;center&#8221; custom_margin=&#8221;|||&#8221; custom_padding=&#8221;|||&#8221; global_colors_info=&#8221;{}&#8221;]<\/p>\n<p style=\"text-align: center;\"><strong>NOTICIAS<\/strong><\/p>\n<p>[\/et_pb_text][\/et_pb_column][\/et_pb_row][\/et_pb_section][et_pb_section fb_built=&#8221;1&#8243; _builder_version=&#8221;4.16&#8243; global_colors_info=&#8221;{}&#8221;][et_pb_row _builder_version=&#8221;4.16&#8243; background_size=&#8221;initial&#8221; background_position=&#8221;top_left&#8221; background_repeat=&#8221;repeat&#8221; global_colors_info=&#8221;{}&#8221;][et_pb_column type=&#8221;4_4&#8243; _builder_version=&#8221;4.16&#8243; custom_padding=&#8221;|||&#8221; global_colors_info=&#8221;{}&#8221; custom_padding__hover=&#8221;|||&#8221;][et_pb_blog fullwidth=&#8221;off&#8221; posts_number=&#8221;8&#8243; include_categories=&#8221;75&#8243; show_author=&#8221;off&#8221; show_date=&#8221;off&#8221; show_categories=&#8221;off&#8221; _builder_version=&#8221;4.16&#8243; global_colors_info=&#8221;{}&#8221;][\/et_pb_blog][\/et_pb_column][\/et_pb_row][\/et_pb_section]<\/p>\n","protected":false},"excerpt":{"rendered":"<p>QUI\u00c9NES SOMOS La NEOCULTURA surgi\u00f3 en 2006 de la pasi\u00f3n de amigos por el TURISMO y su entusiasmo por los MUSEOS. El prefijo NEO, en lat\u00edn, significa NOVA. NEOCULTURA denota, por lo tanto, nuestra intenci\u00f3n de mejorar y modernizar el acceso a la CULTURA a trav\u00e9s de soluciones innovadoras. Nuestro logotipo retrata el inmenso [&hellip;]<\/p>\n","protected":false},"author":1,"featured_media":0,"parent":0,"menu_order":0,"comment_status":"closed","ping_status":"closed","template":"","meta":{"_et_pb_use_builder":"on","_et_pb_old_content":"","_et_gb_content_width":"","h5ap_radio_sources":[],"footnotes":""},"class_list":["post-54","page","type-page","status-publish","hentry"],"yoast_head":"<!-- This site is optimized with the Yoast SEO plugin v27.5 - https:\/\/yoast.com\/product\/yoast-seo-wordpress\/ -->\n<title>Quienes Somos - Neocultura<\/title>\n<meta name=\"robots\" content=\"index, follow, max-snippet:-1, max-image-preview:large, max-video-preview:-1\" \/>\n<link rel=\"canonical\" href=\"https:\/\/neocultura.com.br\/tur\/es\/quienes-somos\/\" \/>\n<meta property=\"og:locale\" content=\"pt_BR\" \/>\n<meta property=\"og:type\" content=\"article\" \/>\n<meta property=\"og:title\" content=\"Quienes Somos - Neocultura\" \/>\n<meta property=\"og:description\" content=\"QUI\u00c9NES SOMOS La NEOCULTURA surgi\u00f3 en 2006 de la pasi\u00f3n de amigos por el TURISMO y su entusiasmo por los MUSEOS. El prefijo NEO, en lat\u00edn, significa NOVA. NEOCULTURA denota, por lo tanto, nuestra intenci\u00f3n de mejorar y modernizar el acceso a la CULTURA a trav\u00e9s de soluciones innovadoras. Nuestro logotipo retrata el inmenso [&hellip;]\" \/>\n<meta property=\"og:url\" content=\"https:\/\/neocultura.com.br\/tur\/es\/quienes-somos\/\" \/>\n<meta property=\"og:site_name\" content=\"Neocultura\" \/>\n<meta property=\"article:modified_time\" content=\"2024-04-19T14:16:23+00:00\" \/>\n<meta name=\"twitter:card\" content=\"summary_large_image\" \/>\n<meta name=\"twitter:label1\" content=\"Est. tempo de leitura\" \/>\n\t<meta name=\"twitter:data1\" content=\"4 minutos\" \/>\n<script type=\"application\/ld+json\" class=\"yoast-schema-graph\">{\"@context\":\"https:\\\/\\\/schema.org\",\"@graph\":[{\"@type\":\"WebPage\",\"@id\":\"https:\\\/\\\/neocultura.com.br\\\/tur\\\/es\\\/quienes-somos\\\/\",\"url\":\"https:\\\/\\\/neocultura.com.br\\\/tur\\\/es\\\/quienes-somos\\\/\",\"name\":\"Quienes Somos - Neocultura\",\"isPartOf\":{\"@id\":\"https:\\\/\\\/neocultura.com.br\\\/tur\\\/#website\"},\"datePublished\":\"2018-05-18T16:51:16+00:00\",\"dateModified\":\"2024-04-19T14:16:23+00:00\",\"breadcrumb\":{\"@id\":\"https:\\\/\\\/neocultura.com.br\\\/tur\\\/es\\\/quienes-somos\\\/#breadcrumb\"},\"inLanguage\":\"pt-BR\",\"potentialAction\":[{\"@type\":\"ReadAction\",\"target\":[\"https:\\\/\\\/neocultura.com.br\\\/tur\\\/es\\\/quienes-somos\\\/\"]}]},{\"@type\":\"BreadcrumbList\",\"@id\":\"https:\\\/\\\/neocultura.com.br\\\/tur\\\/es\\\/quienes-somos\\\/#breadcrumb\",\"itemListElement\":[{\"@type\":\"ListItem\",\"position\":1,\"name\":\"Home\",\"item\":\"https:\\\/\\\/neocultura.com.br\\\/tur\\\/\"},{\"@type\":\"ListItem\",\"position\":2,\"name\":\"Quienes Somos\"}]},{\"@type\":\"WebSite\",\"@id\":\"https:\\\/\\\/neocultura.com.br\\\/tur\\\/#website\",\"url\":\"https:\\\/\\\/neocultura.com.br\\\/tur\\\/\",\"name\":\"Neocultura\",\"description\":\"Neocultura\",\"potentialAction\":[{\"@type\":\"SearchAction\",\"target\":{\"@type\":\"EntryPoint\",\"urlTemplate\":\"https:\\\/\\\/neocultura.com.br\\\/tur\\\/?s={search_term_string}\"},\"query-input\":{\"@type\":\"PropertyValueSpecification\",\"valueRequired\":true,\"valueName\":\"search_term_string\"}}],\"inLanguage\":\"pt-BR\"}]}<\/script>\n<!-- \/ Yoast SEO plugin. -->","yoast_head_json":{"title":"Quienes Somos - Neocultura","robots":{"index":"index","follow":"follow","max-snippet":"max-snippet:-1","max-image-preview":"max-image-preview:large","max-video-preview":"max-video-preview:-1"},"canonical":"https:\/\/neocultura.com.br\/tur\/es\/quienes-somos\/","og_locale":"pt_BR","og_type":"article","og_title":"Quienes Somos - Neocultura","og_description":"QUI\u00c9NES SOMOS La NEOCULTURA surgi\u00f3 en 2006 de la pasi\u00f3n de amigos por el TURISMO y su entusiasmo por los MUSEOS. El prefijo NEO, en lat\u00edn, significa NOVA. NEOCULTURA denota, por lo tanto, nuestra intenci\u00f3n de mejorar y modernizar el acceso a la CULTURA a trav\u00e9s de soluciones innovadoras. Nuestro logotipo retrata el inmenso [&hellip;]","og_url":"https:\/\/neocultura.com.br\/tur\/es\/quienes-somos\/","og_site_name":"Neocultura","article_modified_time":"2024-04-19T14:16:23+00:00","twitter_card":"summary_large_image","twitter_misc":{"Est. tempo de leitura":"4 minutos"},"schema":{"@context":"https:\/\/schema.org","@graph":[{"@type":"WebPage","@id":"https:\/\/neocultura.com.br\/tur\/es\/quienes-somos\/","url":"https:\/\/neocultura.com.br\/tur\/es\/quienes-somos\/","name":"Quienes Somos - Neocultura","isPartOf":{"@id":"https:\/\/neocultura.com.br\/tur\/#website"},"datePublished":"2018-05-18T16:51:16+00:00","dateModified":"2024-04-19T14:16:23+00:00","breadcrumb":{"@id":"https:\/\/neocultura.com.br\/tur\/es\/quienes-somos\/#breadcrumb"},"inLanguage":"pt-BR","potentialAction":[{"@type":"ReadAction","target":["https:\/\/neocultura.com.br\/tur\/es\/quienes-somos\/"]}]},{"@type":"BreadcrumbList","@id":"https:\/\/neocultura.com.br\/tur\/es\/quienes-somos\/#breadcrumb","itemListElement":[{"@type":"ListItem","position":1,"name":"Home","item":"https:\/\/neocultura.com.br\/tur\/"},{"@type":"ListItem","position":2,"name":"Quienes Somos"}]},{"@type":"WebSite","@id":"https:\/\/neocultura.com.br\/tur\/#website","url":"https:\/\/neocultura.com.br\/tur\/","name":"Neocultura","description":"Neocultura","potentialAction":[{"@type":"SearchAction","target":{"@type":"EntryPoint","urlTemplate":"https:\/\/neocultura.com.br\/tur\/?s={search_term_string}"},"query-input":{"@type":"PropertyValueSpecification","valueRequired":true,"valueName":"search_term_string"}}],"inLanguage":"pt-BR"}]}},"_links":{"self":[{"href":"https:\/\/neocultura.com.br\/tur\/wp-json\/wp\/v2\/pages\/54","targetHints":{"allow":["GET"]}}],"collection":[{"href":"https:\/\/neocultura.com.br\/tur\/wp-json\/wp\/v2\/pages"}],"about":[{"href":"https:\/\/neocultura.com.br\/tur\/wp-json\/wp\/v2\/types\/page"}],"author":[{"embeddable":true,"href":"https:\/\/neocultura.com.br\/tur\/wp-json\/wp\/v2\/users\/1"}],"replies":[{"embeddable":true,"href":"https:\/\/neocultura.com.br\/tur\/wp-json\/wp\/v2\/comments?post=54"}],"version-history":[{"count":0,"href":"https:\/\/neocultura.com.br\/tur\/wp-json\/wp\/v2\/pages\/54\/revisions"}],"wp:attachment":[{"href":"https:\/\/neocultura.com.br\/tur\/wp-json\/wp\/v2\/media?parent=54"}],"curies":[{"name":"wp","href":"https:\/\/api.w.org\/{rel}","templated":true}]}}