{"id":49,"date":"2018-05-18T16:49:49","date_gmt":"2018-05-18T19:49:49","guid":{"rendered":"https:\/\/neocultura.com.br\/tur\/?page_id=49"},"modified":"2024-08-28T17:09:04","modified_gmt":"2024-08-28T20:09:04","slug":"quem-somos","status":"publish","type":"page","link":"https:\/\/neocultura.com.br\/tur\/","title":{"rendered":"QUEM SOMOS"},"content":{"rendered":"<p>[et_pb_section fb_built=&#8221;1&#8243; _builder_version=&#8221;4.16&#8243; custom_margin=&#8221;0px|||&#8221; custom_padding=&#8221;0px|||&#8221; global_colors_info=&#8221;{}&#8221;][et_pb_row _builder_version=&#8221;4.16&#8243; custom_margin=&#8221;0px|||&#8221; custom_padding=&#8221;0px|||&#8221; global_colors_info=&#8221;{}&#8221;][et_pb_column type=&#8221;4_4&#8243; _builder_version=&#8221;4.16&#8243; custom_padding=&#8221;|||&#8221; global_colors_info=&#8221;{}&#8221; custom_padding__hover=&#8221;|||&#8221;][et_pb_code admin_label=&#8221;C\u00f3digo &#8211; slider topo&#8221; _builder_version=&#8221;4.25.0&#8243; global_colors_info=&#8221;{}&#8221;][\/et_pb_code][\/et_pb_column][\/et_pb_row][\/et_pb_section][et_pb_section fb_built=&#8221;1&#8243; inner_shadow=&#8221;on&#8221; admin_label=&#8221;CTA Bar Section&#8221; _builder_version=&#8221;4.16&#8243; background_color=&#8221;#cecece&#8221; background_color_gradient_start=&#8221;#ffffff&#8221; background_color_gradient_end=&#8221;#828282&#8243; custom_padding=&#8221;28px||28px|&#8221; custom_css_main_element=&#8221;background-image: linear-gradient(to bottom, #B4CA8C, #5F8815);&#8221; box_shadow_style=&#8221;preset3&#8243; global_colors_info=&#8221;{}&#8221;][et_pb_row admin_label=&#8221;CTA Bar Area&#8221; _builder_version=&#8221;4.16&#8243; background_size=&#8221;initial&#8221; background_position=&#8221;top_left&#8221; background_repeat=&#8221;repeat&#8221; custom_padding=&#8221;0px||0px|&#8221; global_colors_info=&#8221;{}&#8221;][et_pb_column type=&#8221;4_4&#8243; _builder_version=&#8221;4.16&#8243; custom_padding=&#8221;|||&#8221; global_colors_info=&#8221;{}&#8221; custom_padding__hover=&#8221;|||&#8221;][et_pb_text admin_label=&#8221;QUEM SOMOS&#8221; _builder_version=&#8221;4.16&#8243; text_font=&#8221;Raleway|800|||||||&#8221; text_font_size=&#8221;26px&#8221; link_font=&#8221;Open Sans||||||||&#8221; link_text_color=&#8221;#0099e5&#8243; link_font_size=&#8221;18px&#8221; header_3_font=&#8221;Open Sans|700|||||||&#8221; header_3_font_size=&#8221;24px&#8221; text_orientation=&#8221;center&#8221; custom_margin=&#8221;|||&#8221; custom_padding=&#8221;|||&#8221; global_colors_info=&#8221;{}&#8221;]<\/p>\n<p style=\"text-align: center;\"><strong>Quem Somos<br \/>\n<\/strong><\/p>\n<p>[\/et_pb_text][\/et_pb_column][\/et_pb_row][\/et_pb_section][et_pb_section fb_built=&#8221;1&#8243; _builder_version=&#8221;4.16&#8243; global_colors_info=&#8221;{}&#8221;][et_pb_row _builder_version=&#8221;4.16&#8243; background_size=&#8221;initial&#8221; background_position=&#8221;top_left&#8221; background_repeat=&#8221;repeat&#8221; global_colors_info=&#8221;{}&#8221;][et_pb_column type=&#8221;4_4&#8243; _builder_version=&#8221;4.16&#8243; custom_padding=&#8221;|||&#8221; global_colors_info=&#8221;{}&#8221; custom_padding__hover=&#8221;|||&#8221;][et_pb_text admin_label=&#8221;A NeoCultura surgiu em 2006 da paix\u00e3o de amigos pelo TURISMO e o entusiasmo pelos MUSEUS.&#8221; _builder_version=&#8221;4.25.1&#8243; global_colors_info=&#8221;{}&#8221;]<\/p>\n<p style=\"text-align: justify;\">A <strong>NeoCultura<\/strong> surgiu em 2006 da paix\u00e3o de amigos pelo TURISMO e o entusiasmo pelos MUSEUS.<\/p>\n<p style=\"text-align: justify;\">O prefixo NEO, em latim, significa NOVA. NeoCultura \u00e9, ent\u00e3o, o nosso desejo de modernizar a CULTURA e oferecer solu\u00e7\u00f5es inovadoras. Nossa logomarca retrata a imensa vontade de reproduzir CULTURA, levando conhecimento a todo canto do Brasil.<\/p>\n<p style=\"text-align: justify;\">Somos aficionados Storytellers. Buscamos CONTAR A HIST\u00d3RIA de nossos clientes de forma envolvente e divertida. ENTRETER e EDUCAR s\u00e3o nossos principais objetivos. E para isto, fazemos uso da TECNOLOGIA para ampliar e facilitar a visibilidade do acervo pelo p\u00fablico.<br \/>Nossas solu\u00e7\u00f5es s\u00e3o destinadas a brasileiros, visitantes de outros pa\u00edses, aqueles falem outros idiomas, assim como pessoas que necessitem de cuidados especiais.<\/p>\n<p style=\"text-align: justify;\">O sucesso da NeoCultura trouxe a n\u00f3s o desejo de expandir os trabalhos para outros segmentos de atua\u00e7\u00e3o. Da\u00ed o surgimento da <a href=\"https:\/\/www.neocultura.com.br\/esp\/\"><strong>NeoEsporte<\/strong><\/a> , que hoje atua junto ao setor esportivo, fornecendo intercomunicadores para a arbitragem e solu\u00e7\u00f5es de <em>video replay<\/em> e VAR (<em>Video Assistant Referee<\/em>) para federa\u00e7\u00f5es esportivas. Conhe\u00e7a mais sobre a <a href=\"https:\/\/www.neocultura.com.br\/esp\/\"><strong>NEOESPORTE<\/strong> <\/a>clicando <strong><a href=\"https:\/\/www.neocultura.com.br\/esp\/\">aqui<\/a><\/strong>.<\/p>\n<p>[\/et_pb_text][\/et_pb_column][\/et_pb_row][et_pb_row column_structure=&#8221;1_2,1_2&#8243; _builder_version=&#8221;4.16&#8243; max_width=&#8221;800px&#8221; use_custom_width=&#8221;on&#8221; custom_width_px=&#8221;800px&#8221; global_colors_info=&#8221;{}&#8221;][et_pb_column type=&#8221;1_2&#8243; _builder_version=&#8221;4.16&#8243; custom_padding=&#8221;|||&#8221; global_colors_info=&#8221;{}&#8221; custom_padding__hover=&#8221;|||&#8221;][et_pb_image src=&#8221;https:\/\/neocultura.com.br\/tur\/wp-content\/uploads\/2018\/05\/6.jpg&#8221; title_text=&#8221;6&#8243; url=&#8221;https:\/\/www.neocultura.com.br\/esp\/&#8221; align=&#8221;center&#8221; align_tablet=&#8221;center&#8221; align_phone=&#8221;center&#8221; align_last_edited=&#8221;on|desktop&#8221; admin_label=&#8221;logo neo esporte&#8221; _builder_version=&#8221;4.25.1&#8243; global_colors_info=&#8221;{}&#8221;][\/et_pb_image][\/et_pb_column][et_pb_column type=&#8221;1_2&#8243; _builder_version=&#8221;4.16&#8243; custom_padding=&#8221;|||&#8221; global_colors_info=&#8221;{}&#8221; custom_padding__hover=&#8221;|||&#8221;][et_pb_image align=&#8221;center&#8221; align_tablet=&#8221;center&#8221; align_phone=&#8221;center&#8221; align_last_edited=&#8221;on|desktop&#8221; admin_label=&#8221;logo neo turismo&#8221; _builder_version=&#8221;4.16&#8243; global_colors_info=&#8221;{}&#8221;][\/et_pb_image][\/et_pb_column][\/et_pb_row][\/et_pb_section][et_pb_section fb_built=&#8221;1&#8243; inner_shadow=&#8221;on&#8221; admin_label=&#8221;CTA Bar Section&#8221; _builder_version=&#8221;4.16&#8243; background_color=&#8221;#cecece&#8221; background_color_gradient_start=&#8221;#cccccc&#8221; background_color_gradient_end=&#8221;#828282&#8243; custom_padding=&#8221;28px||28px|&#8221; custom_css_main_element=&#8221;background-image: linear-gradient(to bottom, #B4CA8C, #5F8815);&#8221; box_shadow_style=&#8221;preset3&#8243; global_colors_info=&#8221;{}&#8221;][et_pb_row admin_label=&#8221;CTA Bar Area&#8221; _builder_version=&#8221;4.16&#8243; background_size=&#8221;initial&#8221; background_position=&#8221;top_left&#8221; background_repeat=&#8221;repeat&#8221; custom_padding=&#8221;0px||0px|&#8221; global_colors_info=&#8221;{}&#8221;][et_pb_column type=&#8221;4_4&#8243; _builder_version=&#8221;4.16&#8243; custom_padding=&#8221;|||&#8221; global_colors_info=&#8221;{}&#8221; custom_padding__hover=&#8221;|||&#8221;][et_pb_text admin_label=&#8221;NOTICIAS&#8221; _builder_version=&#8221;4.16&#8243; text_font=&#8221;Raleway|800|||||||&#8221; text_font_size=&#8221;26px&#8221; link_font=&#8221;Open Sans||||||||&#8221; link_text_color=&#8221;#0099e5&#8243; link_font_size=&#8221;18px&#8221; header_3_font=&#8221;Open Sans|700|||||||&#8221; header_3_font_size=&#8221;24px&#8221; text_orientation=&#8221;center&#8221; custom_margin=&#8221;|||&#8221; custom_padding=&#8221;|||&#8221; global_colors_info=&#8221;{}&#8221;]<\/p>\n<p style=\"text-align: center;\"><strong>NOT\u00cdCIAS<\/strong><\/p>\n<p>[\/et_pb_text][\/et_pb_column][\/et_pb_row][\/et_pb_section][et_pb_section fb_built=&#8221;1&#8243; _builder_version=&#8221;4.16&#8243; global_colors_info=&#8221;{}&#8221;][et_pb_row _builder_version=&#8221;4.16&#8243; background_size=&#8221;initial&#8221; background_position=&#8221;top_left&#8221; background_repeat=&#8221;repeat&#8221; global_colors_info=&#8221;{}&#8221;][et_pb_column type=&#8221;4_4&#8243; _builder_version=&#8221;4.16&#8243; custom_padding=&#8221;|||&#8221; global_colors_info=&#8221;{}&#8221; custom_padding__hover=&#8221;|||&#8221;][et_pb_blog fullwidth=&#8221;off&#8221; posts_number=&#8221;4&#8243; include_categories=&#8221;73&#8243; show_author=&#8221;off&#8221; show_date=&#8221;off&#8221; show_categories=&#8221;off&#8221; admin_label=&#8221;Blog &#8211; Not\u00edcias&#8221; _builder_version=&#8221;4.16&#8243; global_colors_info=&#8221;{}&#8221;][\/et_pb_blog][\/et_pb_column][\/et_pb_row][\/et_pb_section]<\/p>\n","protected":false},"excerpt":{"rendered":"<p>Quem Somos A NeoCultura surgiu em 2006 da paix\u00e3o de amigos pelo TURISMO e o entusiasmo pelos MUSEUS. O prefixo NEO, em latim, significa NOVA. NeoCultura \u00e9, ent\u00e3o, o nosso desejo de modernizar a CULTURA e oferecer solu\u00e7\u00f5es inovadoras. Nossa logomarca retrata a imensa vontade de reproduzir CULTURA, levando conhecimento a todo canto do [&hellip;]<\/p>\n","protected":false},"author":1,"featured_media":0,"parent":0,"menu_order":0,"comment_status":"closed","ping_status":"closed","template":"","meta":{"_et_pb_use_builder":"on","_et_pb_old_content":"","_et_gb_content_width":"","h5ap_radio_sources":[],"footnotes":""},"class_list":["post-49","page","type-page","status-publish","hentry"],"yoast_head":"<!-- This site is optimized with the Yoast SEO plugin v27.5 - https:\/\/yoast.com\/product\/yoast-seo-wordpress\/ -->\n<title>QUEM SOMOS - Neocultura<\/title>\n<meta name=\"robots\" content=\"index, follow, max-snippet:-1, max-image-preview:large, max-video-preview:-1\" \/>\n<link rel=\"canonical\" href=\"https:\/\/neocultura.com.br\/tur\/\" \/>\n<meta property=\"og:locale\" content=\"pt_BR\" \/>\n<meta property=\"og:type\" content=\"article\" \/>\n<meta property=\"og:title\" content=\"QUEM SOMOS - Neocultura\" \/>\n<meta property=\"og:description\" content=\"Quem Somos A NeoCultura surgiu em 2006 da paix\u00e3o de amigos pelo TURISMO e o entusiasmo pelos MUSEUS. O prefixo NEO, em latim, significa NOVA. NeoCultura \u00e9, ent\u00e3o, o nosso desejo de modernizar a CULTURA e oferecer solu\u00e7\u00f5es inovadoras. Nossa logomarca retrata a imensa vontade de reproduzir CULTURA, levando conhecimento a todo canto do [&hellip;]\" \/>\n<meta property=\"og:url\" content=\"https:\/\/neocultura.com.br\/tur\/\" \/>\n<meta property=\"og:site_name\" content=\"Neocultura\" \/>\n<meta property=\"article:modified_time\" content=\"2024-08-28T20:09:04+00:00\" \/>\n<meta name=\"twitter:card\" content=\"summary_large_image\" \/>\n<meta name=\"twitter:label1\" content=\"Est. tempo de leitura\" \/>\n\t<meta name=\"twitter:data1\" content=\"4 minutos\" \/>\n<script type=\"application\/ld+json\" class=\"yoast-schema-graph\">{\"@context\":\"https:\\\/\\\/schema.org\",\"@graph\":[{\"@type\":\"WebPage\",\"@id\":\"https:\\\/\\\/neocultura.com.br\\\/tur\\\/\",\"url\":\"https:\\\/\\\/neocultura.com.br\\\/tur\\\/\",\"name\":\"QUEM SOMOS - Neocultura\",\"isPartOf\":{\"@id\":\"https:\\\/\\\/neocultura.com.br\\\/tur\\\/#website\"},\"datePublished\":\"2018-05-18T19:49:49+00:00\",\"dateModified\":\"2024-08-28T20:09:04+00:00\",\"breadcrumb\":{\"@id\":\"https:\\\/\\\/neocultura.com.br\\\/tur\\\/#breadcrumb\"},\"inLanguage\":\"pt-BR\",\"potentialAction\":[{\"@type\":\"ReadAction\",\"target\":[\"https:\\\/\\\/neocultura.com.br\\\/tur\\\/\"]}]},{\"@type\":\"BreadcrumbList\",\"@id\":\"https:\\\/\\\/neocultura.com.br\\\/tur\\\/#breadcrumb\",\"itemListElement\":[{\"@type\":\"ListItem\",\"position\":1,\"name\":\"Home\",\"item\":\"https:\\\/\\\/neocultura.com.br\\\/tur\\\/\"},{\"@type\":\"ListItem\",\"position\":2,\"name\":\"QUEM SOMOS\"}]},{\"@type\":\"WebSite\",\"@id\":\"https:\\\/\\\/neocultura.com.br\\\/tur\\\/#website\",\"url\":\"https:\\\/\\\/neocultura.com.br\\\/tur\\\/\",\"name\":\"Neocultura\",\"description\":\"Neocultura\",\"potentialAction\":[{\"@type\":\"SearchAction\",\"target\":{\"@type\":\"EntryPoint\",\"urlTemplate\":\"https:\\\/\\\/neocultura.com.br\\\/tur\\\/?s={search_term_string}\"},\"query-input\":{\"@type\":\"PropertyValueSpecification\",\"valueRequired\":true,\"valueName\":\"search_term_string\"}}],\"inLanguage\":\"pt-BR\"}]}<\/script>\n<!-- \/ Yoast SEO plugin. -->","yoast_head_json":{"title":"QUEM SOMOS - Neocultura","robots":{"index":"index","follow":"follow","max-snippet":"max-snippet:-1","max-image-preview":"max-image-preview:large","max-video-preview":"max-video-preview:-1"},"canonical":"https:\/\/neocultura.com.br\/tur\/","og_locale":"pt_BR","og_type":"article","og_title":"QUEM SOMOS - Neocultura","og_description":"Quem Somos A NeoCultura surgiu em 2006 da paix\u00e3o de amigos pelo TURISMO e o entusiasmo pelos MUSEUS. O prefixo NEO, em latim, significa NOVA. NeoCultura \u00e9, ent\u00e3o, o nosso desejo de modernizar a CULTURA e oferecer solu\u00e7\u00f5es inovadoras. Nossa logomarca retrata a imensa vontade de reproduzir CULTURA, levando conhecimento a todo canto do [&hellip;]","og_url":"https:\/\/neocultura.com.br\/tur\/","og_site_name":"Neocultura","article_modified_time":"2024-08-28T20:09:04+00:00","twitter_card":"summary_large_image","twitter_misc":{"Est. tempo de leitura":"4 minutos"},"schema":{"@context":"https:\/\/schema.org","@graph":[{"@type":"WebPage","@id":"https:\/\/neocultura.com.br\/tur\/","url":"https:\/\/neocultura.com.br\/tur\/","name":"QUEM SOMOS - Neocultura","isPartOf":{"@id":"https:\/\/neocultura.com.br\/tur\/#website"},"datePublished":"2018-05-18T19:49:49+00:00","dateModified":"2024-08-28T20:09:04+00:00","breadcrumb":{"@id":"https:\/\/neocultura.com.br\/tur\/#breadcrumb"},"inLanguage":"pt-BR","potentialAction":[{"@type":"ReadAction","target":["https:\/\/neocultura.com.br\/tur\/"]}]},{"@type":"BreadcrumbList","@id":"https:\/\/neocultura.com.br\/tur\/#breadcrumb","itemListElement":[{"@type":"ListItem","position":1,"name":"Home","item":"https:\/\/neocultura.com.br\/tur\/"},{"@type":"ListItem","position":2,"name":"QUEM SOMOS"}]},{"@type":"WebSite","@id":"https:\/\/neocultura.com.br\/tur\/#website","url":"https:\/\/neocultura.com.br\/tur\/","name":"Neocultura","description":"Neocultura","potentialAction":[{"@type":"SearchAction","target":{"@type":"EntryPoint","urlTemplate":"https:\/\/neocultura.com.br\/tur\/?s={search_term_string}"},"query-input":{"@type":"PropertyValueSpecification","valueRequired":true,"valueName":"search_term_string"}}],"inLanguage":"pt-BR"}]}},"_links":{"self":[{"href":"https:\/\/neocultura.com.br\/tur\/wp-json\/wp\/v2\/pages\/49","targetHints":{"allow":["GET"]}}],"collection":[{"href":"https:\/\/neocultura.com.br\/tur\/wp-json\/wp\/v2\/pages"}],"about":[{"href":"https:\/\/neocultura.com.br\/tur\/wp-json\/wp\/v2\/types\/page"}],"author":[{"embeddable":true,"href":"https:\/\/neocultura.com.br\/tur\/wp-json\/wp\/v2\/users\/1"}],"replies":[{"embeddable":true,"href":"https:\/\/neocultura.com.br\/tur\/wp-json\/wp\/v2\/comments?post=49"}],"version-history":[{"count":3,"href":"https:\/\/neocultura.com.br\/tur\/wp-json\/wp\/v2\/pages\/49\/revisions"}],"predecessor-version":[{"id":3950,"href":"https:\/\/neocultura.com.br\/tur\/wp-json\/wp\/v2\/pages\/49\/revisions\/3950"}],"wp:attachment":[{"href":"https:\/\/neocultura.com.br\/tur\/wp-json\/wp\/v2\/media?parent=49"}],"curies":[{"name":"wp","href":"https:\/\/api.w.org\/{rel}","templated":true}]}}