{"id":127,"date":"2018-05-18T18:01:06","date_gmt":"2018-05-18T21:01:06","guid":{"rendered":"https:\/\/neocultura.com.br\/tur\/?page_id=127"},"modified":"2022-05-23T17:10:51","modified_gmt":"2022-05-23T20:10:51","slug":"contacto","status":"publish","type":"page","link":"https:\/\/neocultura.com.br\/tur\/es\/contacto\/","title":{"rendered":"CONTACTO"},"content":{"rendered":"<p>[et_pb_section fb_built=&#8221;1&#8243; fullwidth=&#8221;on&#8221; _builder_version=&#8221;4.16&#8243; global_colors_info=&#8221;{}&#8221;][et_pb_fullwidth_image src=&#8221;https:\/\/neocultura.com.br\/tur\/wp-content\/uploads\/2018\/06\/T10-CONTATOS-Pal\u00e1cio-da-Liberdade-1660-x-300-min.jpg&#8221; admin_label=&#8221;faixa (topo)&#8221; _builder_version=&#8221;4.16&#8243; global_colors_info=&#8221;{}&#8221;][\/et_pb_fullwidth_image][\/et_pb_section][et_pb_section fb_built=&#8221;1&#8243; _builder_version=&#8221;4.16&#8243; custom_padding=&#8221;28px||28px|&#8221; custom_css_main_element=&#8221;background-image: linear-gradient(to bottom, #B4CA8C, #5F8815);&#8221; global_colors_info=&#8221;{}&#8221;][et_pb_row _builder_version=&#8221;4.16&#8243; custom_padding=&#8221;0px||0px|&#8221; global_colors_info=&#8221;{}&#8221;][et_pb_column type=&#8221;4_4&#8243; _builder_version=&#8221;4.16&#8243; custom_padding=&#8221;|||&#8221; global_colors_info=&#8221;{}&#8221; custom_padding__hover=&#8221;|||&#8221;][et_pb_text admin_label=&#8221;CONTACTO&#8221; _builder_version=&#8221;4.16&#8243; global_colors_info=&#8221;{}&#8221;]<\/p>\n<h2 style=\"text-align: center;\"><span style=\"color: #000000;\"><strong>CONTACTO<\/strong><\/span><\/h2>\n<p>[\/et_pb_text][\/et_pb_column][\/et_pb_row][\/et_pb_section][et_pb_section fb_built=&#8221;1&#8243; _builder_version=&#8221;4.16&#8243; global_colors_info=&#8221;{}&#8221;][et_pb_row _builder_version=&#8221;4.16&#8243; background_size=&#8221;initial&#8221; background_position=&#8221;top_left&#8221; background_repeat=&#8221;repeat&#8221; global_colors_info=&#8221;{}&#8221;][et_pb_column type=&#8221;4_4&#8243; _builder_version=&#8221;4.16&#8243; custom_padding=&#8221;|||&#8221; global_colors_info=&#8221;{}&#8221; custom_padding__hover=&#8221;|||&#8221;][et_pb_text admin_label=&#8221;Reg\u00edstrese para recibir las novedades de nuestra empresa. O, si lo prefiere, utilice el formulario abajo para ponerse en contacto, o solicitar un presupuesto.&#8221; _builder_version=&#8221;4.16&#8243; global_colors_info=&#8221;{}&#8221;]<\/p>\n<p style=\"text-align: justify;\">Reg\u00edstrese para recibir las novedades de nuestra empresa. O, si lo prefiere, utilice el formulario abajo para ponerse en contacto, o solicitar un presupuesto.<\/p>\n<p>[\/et_pb_text][et_pb_code admin_label=&#8221;C\u00f3digo &#8211; newsletter&#8221; _builder_version=&#8221;4.16&#8243; max_width=&#8221;650px&#8221; module_alignment=&#8221;center&#8221; global_colors_info=&#8221;{}&#8221;]<link href=\"\/\/cdn-images.mailchimp.com\/embedcode\/classic-10_7.css\" rel=\"stylesheet\" type=\"text\/css\"><!-- [et_pb_line_break_holder] --><\/p>\n<div id=\"mc_embed_signup\"><!-- [et_pb_line_break_holder] --><\/p>\n<form action=\"https:\/\/neocultura.us18.list-manage.com\/subscribe\/post?u=8e3cd552f52a1c14db89f907d&#038;id=23a4d90c62\" method=\"post\" id=\"mc-embedded-subscribe-form\" name=\"mc-embedded-subscribe-form\" class=\"validate\" target=\"_blank\" novalidate><!-- [et_pb_line_break_holder] --> <\/p>\n<div id=\"mc_embed_signup_scroll\"><!-- [et_pb_line_break_holder] --> <\/p>\n<h2>Suscr\u00edbete a nuestro bolet\u00edn<\/h2>\n<p><!-- [et_pb_line_break_holder] --><\/p>\n<div class=\"indicates-required\"><span class=\"asterisk\">*<\/span> campo obligatorio<\/div>\n<p><!-- [et_pb_line_break_holder] --><\/p>\n<div class=\"mc-field-group\"><!-- [et_pb_line_break_holder] --> <label for=\"mce-NOMBRE\">Nombre <span class=\"asterisk\">*<\/span><!-- [et_pb_line_break_holder] --><\/label><!-- [et_pb_line_break_holder] --> <input type=\"text\" value=\"\" name=\"NOMBRE\" class=\"required\" id=\"mce-NOMBRE\"><!-- [et_pb_line_break_holder] --><\/div>\n<p><!-- [et_pb_line_break_holder] --><\/p>\n<div class=\"mc-field-group\"><!-- [et_pb_line_break_holder] --> <label for=\"mce-EMAIL\">E-mail <span class=\"asterisk\">*<\/span><!-- [et_pb_line_break_holder] --><\/label><!-- [et_pb_line_break_holder] --> <input type=\"email\" value=\"\" name=\"EMAIL\" class=\"required email\" id=\"mce-EMAIL\"><!-- [et_pb_line_break_holder] --><\/div>\n<p><!-- [et_pb_line_break_holder] --><\/p>\n<div class=\"mc-field-group\"><!-- [et_pb_line_break_holder] --> <label for=\"mce-TELEFONO\">Tel\u00e9fono <\/label><!-- [et_pb_line_break_holder] --> <input type=\"text\" value=\"\" name=\"TELEFONO\" class=\"\" id=\"mce-TELEFONO\"><!-- [et_pb_line_break_holder] --><\/div>\n<p><!-- [et_pb_line_break_holder] --><\/p>\n<div class=\"mc-field-group\"><!-- [et_pb_line_break_holder] --> <label for=\"mce-EMPRESA\">Instituci\u00f3n o Empresa: <\/label><!-- [et_pb_line_break_holder] --> <input type=\"text\" value=\"\" name=\"EMPRESA\" class=\"\" id=\"mce-EMPRESA\"><!-- [et_pb_line_break_holder] --><\/div>\n<p><!-- [et_pb_line_break_holder] --><\/p>\n<div class=\"mc-field-group\"><!-- [et_pb_line_break_holder] --> <label for=\"mce-CIUDAD\">Ciudad \/ Estado \/ Pa\u00eds: <\/label><!-- [et_pb_line_break_holder] --> <input type=\"text\" value=\"\" name=\"CIUDAD\" class=\"\" id=\"mce-CIUDAD\"><!-- [et_pb_line_break_holder] --><\/div>\n<p><!-- [et_pb_line_break_holder] --> <\/p>\n<div id=\"mce-responses\" class=\"clear\"><!-- [et_pb_line_break_holder] --> <\/p>\n<div class=\"response\" id=\"mce-error-response\" style=\"display:none\"><\/div>\n<p><!-- [et_pb_line_break_holder] --> <\/p>\n<div class=\"response\" id=\"mce-success-response\" style=\"display:none\"><\/div>\n<p><!-- [et_pb_line_break_holder] --> <\/div>\n<p> <!-- real people should not fill this in and expect good things - do not remove this or risk form bot signups--><!-- [et_pb_line_break_holder] --> <\/p>\n<div style=\"position: absolute; left: -5000px;\" aria-hidden=\"true\"><input type=\"text\" name=\"b_8e3cd552f52a1c14db89f907d_23a4d90c62\" tabindex=\"-1\" value=\"\"><\/div>\n<p><!-- [et_pb_line_break_holder] --> <\/p>\n<div class=\"clear\"><input type=\"submit\" value=\"Enviar\" name=\"subscribe\" id=\"mc-embedded-subscribe\" class=\"button\"><\/div>\n<p><!-- [et_pb_line_break_holder] --> <\/div>\n<p><!-- [et_pb_line_break_holder] --><\/form>\n<p><!-- [et_pb_line_break_holder] --><\/div>\n<p><!-- [et_pb_line_break_holder] --><script type='text\/javascript' src='\/\/s3.amazonaws.com\/downloads.mailchimp.com\/js\/mc-validate.js'><\/script><script type='text\/javascript'>(function($) {window.fnames = new Array(); window.ftypes = new Array();fnames[1]='NOMBRE';ftypes[1]='text';fnames[0]='EMAIL';ftypes[0]='email';fnames[2]='TELEFONO';ftypes[2]='text';fnames[3]='EMPRESA';ftypes[3]='text';fnames[4]='CIUDAD';ftypes[4]='text'; \/*<!-- [et_pb_line_break_holder] --> * Translated default messages for the $ validation plugin.<!-- [et_pb_line_break_holder] --> * Locale: ES<!-- [et_pb_line_break_holder] --> *\/<!-- [et_pb_line_break_holder] -->$.extend($.validator.messages, {<!-- [et_pb_line_break_holder] --> required: \"Este campo es obligatorio.\",<!-- [et_pb_line_break_holder] --> remote: \"Por favor, rellena este campo.\",<!-- [et_pb_line_break_holder] --> email: \"Por favor, escribe una direcci\u00f3n de correo v\u00e1lida\",<!-- [et_pb_line_break_holder] --> url: \"Por favor, escribe una URL v\u00e1lida.\",<!-- [et_pb_line_break_holder] --> date: \"Por favor, escribe una fecha v\u00e1lida.\",<!-- [et_pb_line_break_holder] --> dateISO: \"Por favor, escribe una fecha (ISO) v\u00e1lida.\",<!-- [et_pb_line_break_holder] --> number: \"Por favor, escribe un n\u00famero entero v\u00e1lido.\",<!-- [et_pb_line_break_holder] --> digits: \"Por favor, escribe s\u00f3lo d\u00edgitos.\",<!-- [et_pb_line_break_holder] --> creditcard: \"Por favor, escribe un n\u00famero de tarjeta v\u00e1lido.\",<!-- [et_pb_line_break_holder] --> equalTo: \"Por favor, escribe el mismo valor de nuevo.\",<!-- [et_pb_line_break_holder] --> accept: \"Por favor, escribe un valor con una extensi\u00f3n aceptada.\",<!-- [et_pb_line_break_holder] --> maxlength: $.validator.format(\"Por favor, no escribas m\u00e1s de {0} caracteres.\"),<!-- [et_pb_line_break_holder] --> minlength: $.validator.format(\"Por favor, no escribas menos de {0} caracteres.\"),<!-- [et_pb_line_break_holder] --> rangelength: $.validator.format(\"Por favor, escribe un valor entre {0} y {1} caracteres.\"),<!-- [et_pb_line_break_holder] --> range: $.validator.format(\"Por favor, escribe un valor entre {0} y {1}.\"),<!-- [et_pb_line_break_holder] --> max: $.validator.format(\"Por favor, escribe un valor menor o igual a {0}.\"),<!-- [et_pb_line_break_holder] --> min: $.validator.format(\"Por favor, escribe un valor mayor o igual a {0}.\")<!-- [et_pb_line_break_holder] -->});}(jQuery));var $mcj = jQuery.noConflict(true);<\/script>[\/et_pb_code][\/et_pb_column][\/et_pb_row][\/et_pb_section][et_pb_section fb_built=&#8221;1&#8243; _builder_version=&#8221;4.16&#8243; background_color=&#8221;#bababa&#8221; global_colors_info=&#8221;{}&#8221;][et_pb_row _builder_version=&#8221;4.16&#8243; background_size=&#8221;initial&#8221; background_position=&#8221;top_left&#8221; background_repeat=&#8221;repeat&#8221; global_colors_info=&#8221;{}&#8221;][et_pb_column type=&#8221;4_4&#8243; _builder_version=&#8221;4.16&#8243; custom_padding=&#8221;|||&#8221; global_colors_info=&#8221;{}&#8221; custom_padding__hover=&#8221;|||&#8221;][et_pb_text admin_label=&#8221;HABLE CON NOSOTROS&#8221; _builder_version=&#8221;4.16&#8243; global_colors_info=&#8221;{}&#8221;]<\/p>\n<h2 style=\"text-align: center;\"><strong>HABLE CON NOSOTROS<\/strong><\/h2>\n<p>[\/et_pb_text][et_pb_text admin_label=&#8221;Deje su contacto y mencione el asunto, de forma que podamos entrar en contacto. Si posible, anticipe su inter\u00e9s (desarrollo de APP, soluciones de audiogu\u00eda, Accesibilidad, intercomunicadores inal\u00e1mbricos, servicios para %22sightseeing%22, &#8230;&#8221; _builder_version=&#8221;4.16&#8243; global_colors_info=&#8221;{}&#8221;]<\/p>\n<p style=\"text-align: center;\">Deje su contacto y mencione el asunto, de forma que podamos entrar en contacto. Si posible, anticipe su inter\u00e9s (desarrollo de APP, soluciones de audiogu\u00eda, Accesibilidad, intercomunicadores inal\u00e1mbricos, servicios para &#8220;sightseeing&#8221;, &#8230;<\/p>\n<p>[\/et_pb_text][et_pb_code admin_label=&#8221;C\u00f3digo &#8211; Formul\u00e1rio contato&#8221; _builder_version=&#8221;4.16&#8243; max_width=&#8221;650px&#8221; module_alignment=&#8221;center&#8221; global_colors_info=&#8221;{}&#8221;]\n<div class=\"wpcf7 no-js\" id=\"wpcf7-f2263-o1\" lang=\"pt-BR\" dir=\"ltr\" data-wpcf7-id=\"2263\">\n<div class=\"screen-reader-response\"><p role=\"status\" aria-live=\"polite\" aria-atomic=\"true\"><\/p> <ul><\/ul><\/div>\n<form action=\"\/tur\/wp-json\/wp\/v2\/pages\/127#wpcf7-f2263-o1\" method=\"post\" class=\"wpcf7-form init\" aria-label=\"Formul\u00e1rios de contato\" novalidate=\"novalidate\" data-status=\"init\">\n<fieldset class=\"hidden-fields-container\"><input type=\"hidden\" name=\"_wpcf7\" value=\"2263\" \/><input type=\"hidden\" name=\"_wpcf7_version\" value=\"6.1.5\" \/><input type=\"hidden\" name=\"_wpcf7_locale\" value=\"pt_BR\" \/><input type=\"hidden\" name=\"_wpcf7_unit_tag\" value=\"wpcf7-f2263-o1\" \/><input type=\"hidden\" name=\"_wpcf7_container_post\" value=\"0\" \/><input type=\"hidden\" name=\"_wpcf7_posted_data_hash\" value=\"\" \/><input type=\"hidden\" name=\"_wpcf7_recaptcha_response\" value=\"\" \/>\n<\/fieldset>\n<div id=\"responsive-form\" class=\"clearfix\">\n\t<div class=\"form-row\">\n\t\t<div class=\"column-half\">\n\t\t\t<p>Empresa: <span class=\"wpcf7-form-control-wrap\" data-name=\"empresa\"><input size=\"40\" maxlength=\"400\" class=\"wpcf7-form-control wpcf7-text\" aria-invalid=\"false\" value=\"\" type=\"text\" name=\"empresa\" \/><\/span>\n\t\t\t<\/p>\n\t\t<\/div>\n\t\t<div class=\"column-half\">\n\t\t\t<p>*Nombre: <span class=\"wpcf7-form-control-wrap\" data-name=\"your-name\"><input size=\"40\" maxlength=\"400\" class=\"wpcf7-form-control wpcf7-text wpcf7-validates-as-required\" aria-required=\"true\" aria-invalid=\"false\" value=\"\" type=\"text\" name=\"your-name\" \/><\/span>\n\t\t\t<\/p>\n\t\t<\/div>\n\t<\/div>\n\t<div class=\"form-row\">\n\t\t<div class=\"column-half\">\n\t\t\t<p>Tel\u00e9fono: <span class=\"wpcf7-form-control-wrap\" data-name=\"telefone\"><input size=\"40\" maxlength=\"400\" class=\"wpcf7-form-control wpcf7-text\" aria-invalid=\"false\" value=\"\" type=\"text\" name=\"telefone\" \/><\/span>\n\t\t\t<\/p>\n\t\t<\/div>\n\t\t<div class=\"column-half\">\n\t\t\t<p>*E-mail: <span class=\"wpcf7-form-control-wrap\" data-name=\"your-email\"><input size=\"40\" maxlength=\"400\" class=\"wpcf7-form-control wpcf7-email wpcf7-validates-as-required wpcf7-text wpcf7-validates-as-email\" aria-required=\"true\" aria-invalid=\"false\" value=\"\" type=\"email\" name=\"your-email\" \/><\/span>\n\t\t\t<\/p>\n\t\t<\/div>\n\t<\/div>\n\t<div class=\"form-row\">\n\t\t<div class=\"column-full\">\n\t\t\t<p>*Asunto: <span class=\"wpcf7-form-control-wrap\" data-name=\"your-subject\"><input size=\"40\" maxlength=\"400\" class=\"wpcf7-form-control wpcf7-text wpcf7-validates-as-required\" aria-required=\"true\" aria-invalid=\"false\" value=\"\" type=\"text\" name=\"your-subject\" \/><\/span>\n\t\t\t<\/p>\n\t\t<\/div>\n\t<\/div>\n\t<div class=\"form-row\">\n\t\t<div class=\"column-full\">\n\t\t\t<p>*Escriba su mensaje: <span class=\"wpcf7-form-control-wrap\" data-name=\"your-message\"><textarea cols=\"40\" rows=\"10\" maxlength=\"2000\" class=\"wpcf7-form-control wpcf7-textarea wpcf7-validates-as-required\" aria-required=\"true\" aria-invalid=\"false\" name=\"your-message\"><\/textarea><\/span>\n\t\t\t<\/p>\n\t\t<\/div>\n\t<\/div>\n\t<div class=\"form-row\">\n\t\t<div class=\"column-half\">\n\t\t<span class=\"wpcf7-form-control-wrap recaptcha\" data-name=\"recaptcha\"><span data-sitekey=\"6LcfEbIUAAAAAPW19eTlzqhwaVQna2WRXQToMgZN\" class=\"wpcf7-form-control wpcf7-recaptcha g-recaptcha\"><\/span>\r\n<noscript>\r\n\t<div class=\"grecaptcha-noscript\">\r\n\t\t<iframe loading=\"lazy\" src=\"https:\/\/www.google.com\/recaptcha\/api\/fallback?k=6LcfEbIUAAAAAPW19eTlzqhwaVQna2WRXQToMgZN\" frameborder=\"0\" scrolling=\"no\" width=\"310\" height=\"430\">\r\n\t\t<\/iframe>\r\n\t\t<textarea name=\"g-recaptcha-response\" rows=\"3\" cols=\"40\" placeholder=\"reCaptcha Response Here\">\r\n\t\t<\/textarea>\r\n\t<\/div>\r\n<\/noscript>\r\n<\/span>\n\t\t<\/div>\n\t\t<div class=\"column-half\">\n\t\t\t<p><input class=\"wpcf7-form-control wpcf7-submit has-spinner\" type=\"submit\" value=\"Enviar\" \/>\n\t\t\t<\/p>\n\t\t<\/div>\n\t<\/div>\n<\/div><!--end responsive-form--><p style=\"display: none !important;\" class=\"akismet-fields-container\" data-prefix=\"_wpcf7_ak_\"><label>&#916;<textarea name=\"_wpcf7_ak_hp_textarea\" cols=\"45\" rows=\"8\" maxlength=\"100\"><\/textarea><\/label><input type=\"hidden\" id=\"ak_js_1\" name=\"_wpcf7_ak_js\" value=\"97\"\/><script>document.getElementById( \"ak_js_1\" ).setAttribute( \"value\", ( new Date() ).getTime() );<\/script><\/p><div class=\"wpcf7-response-output\" aria-hidden=\"true\"><\/div>\n<\/form>\n<\/div>\n[\/et_pb_code][\/et_pb_column][\/et_pb_row][\/et_pb_section][et_pb_section fb_built=&#8221;1&#8243; _builder_version=&#8221;4.16&#8243; global_colors_info=&#8221;{}&#8221;][et_pb_row _builder_version=&#8221;4.16&#8243; background_size=&#8221;initial&#8221; background_position=&#8221;top_left&#8221; background_repeat=&#8221;repeat&#8221; global_colors_info=&#8221;{}&#8221;][et_pb_column type=&#8221;4_4&#8243; _builder_version=&#8221;4.16&#8243; custom_padding=&#8221;|||&#8221; global_colors_info=&#8221;{}&#8221; custom_padding__hover=&#8221;|||&#8221;][et_pb_text admin_label=&#8221;QUIERES SOLICITAR PRESUPUESTO&#8221; _builder_version=&#8221;4.16&#8243; global_colors_info=&#8221;{}&#8221;]<\/p>\n<h2 style=\"text-align: center;\"><strong>QUIERES SOLICITAR PRESUPUESTO<\/strong><\/h2>\n<p>[\/et_pb_text][et_pb_text admin_label=&#8221;Si su inter\u00e9s es por la soluci\u00f3n tradicional de audiogu\u00eda, responda las 13 preguntas a continuaci\u00f3n. Dura unos 60 segundos. &#8221; _builder_version=&#8221;4.16&#8243; global_colors_info=&#8221;{}&#8221;]<\/p>\n<p style=\"text-align: center;\">Si su inter\u00e9s es por la soluci\u00f3n tradicional de audiogu\u00eda, responda las 13 preguntas a continuaci\u00f3n. Dura unos 60 segundos.<\/p>\n<p style=\"text-align: center;\">Le enviaremos su presupuesto dentro de las 48 horas.<\/p>\n<p>[\/et_pb_text][et_pb_code admin_label=&#8221;C\u00f3digo &#8211; formul\u00e1rio or\u00e7amento&#8221; _builder_version=&#8221;4.16&#8243; text_orientation=&#8221;center&#8221; global_colors_info=&#8221;{}&#8221;]<\/p>\n<div class=\"typeform-widget\" data-url=\"https:\/\/neocultura.typeform.com\/to\/fOgBFb\" style=\"width: 100%; height: 500px;\"><\/div>\n<p> <script> (function() { var qs,js,q,s,d=document, gi=d.getElementById, ce=d.createElement, gt=d.getElementsByTagName, id=\"typef_orm\", b=\"https:\/\/embed.typeform.com\/\"; if(!gi.call(d,id)) { js=ce.call(d,\"script\"); js.id=id; js.src=b+\"embed.js\"; q=gt.call(d,\"script\")[0]; q.parentNode.insertBefore(js,q) } })() <\/script> <\/p>\n<div style=\"font-family: Sans-Serif;font-size: 12px;color: #999;opacity: 0.5; padding-top: 5px;\"> powered by <a href=\"https:\/\/admin.typeform.com\/signup?utm_campaign=fOgBFb&#038;utm_source=typeform.com-8246363-Basic&#038;utm_medium=typeform&#038;utm_content=typeform-embedded-poweredbytypeform&#038;utm_term=EN\" style=\"color: #999\" target=\"_blank\" rel=\"noopener\">Typeform<\/a> <\/div>\n<p>[\/et_pb_code][\/et_pb_column][\/et_pb_row][\/et_pb_section]<\/p>\n","protected":false},"excerpt":{"rendered":"<p>CONTACTO Reg\u00edstrese para recibir las novedades de nuestra empresa. O, si lo prefiere, utilice el formulario abajo para ponerse en contacto, o solicitar un presupuesto. HABLE CON NOSOTROS Deje su contacto y mencione el asunto, de forma que podamos entrar en contacto. Si posible, anticipe su inter\u00e9s (desarrollo de APP, soluciones de audiogu\u00eda, Accesibilidad, intercomunicadores [&hellip;]<\/p>\n","protected":false},"author":1,"featured_media":0,"parent":0,"menu_order":0,"comment_status":"closed","ping_status":"closed","template":"","meta":{"_et_pb_use_builder":"on","_et_pb_old_content":"","_et_gb_content_width":"","h5ap_radio_sources":[],"footnotes":""},"class_list":["post-127","page","type-page","status-publish","hentry"],"yoast_head":"<!-- This site is optimized with the Yoast SEO plugin v27.3 - https:\/\/yoast.com\/product\/yoast-seo-wordpress\/ -->\n<title>CONTACTO - Neocultura<\/title>\n<meta name=\"robots\" content=\"index, follow, max-snippet:-1, max-image-preview:large, max-video-preview:-1\" \/>\n<link rel=\"canonical\" href=\"https:\/\/neocultura.com.br\/tur\/es\/contacto\/\" \/>\n<meta property=\"og:locale\" content=\"pt_BR\" \/>\n<meta property=\"og:type\" content=\"article\" \/>\n<meta property=\"og:title\" content=\"CONTACTO - Neocultura\" \/>\n<meta property=\"og:description\" content=\"CONTACTO Reg\u00edstrese para recibir las novedades de nuestra empresa. O, si lo prefiere, utilice el formulario abajo para ponerse en contacto, o solicitar un presupuesto. HABLE CON NOSOTROS Deje su contacto y mencione el asunto, de forma que podamos entrar en contacto. Si posible, anticipe su inter\u00e9s (desarrollo de APP, soluciones de audiogu\u00eda, Accesibilidad, intercomunicadores [&hellip;]\" \/>\n<meta property=\"og:url\" content=\"https:\/\/neocultura.com.br\/tur\/es\/contacto\/\" \/>\n<meta property=\"og:site_name\" content=\"Neocultura\" \/>\n<meta property=\"article:modified_time\" content=\"2022-05-23T20:10:51+00:00\" \/>\n<meta name=\"twitter:card\" content=\"summary_large_image\" \/>\n<meta name=\"twitter:label1\" content=\"Est. tempo de leitura\" \/>\n\t<meta name=\"twitter:data1\" content=\"3 minutos\" \/>\n<script type=\"application\/ld+json\" class=\"yoast-schema-graph\">{\"@context\":\"https:\\\/\\\/schema.org\",\"@graph\":[{\"@type\":\"WebPage\",\"@id\":\"https:\\\/\\\/neocultura.com.br\\\/tur\\\/es\\\/contacto\\\/\",\"url\":\"https:\\\/\\\/neocultura.com.br\\\/tur\\\/es\\\/contacto\\\/\",\"name\":\"CONTACTO - Neocultura\",\"isPartOf\":{\"@id\":\"https:\\\/\\\/neocultura.com.br\\\/tur\\\/#website\"},\"datePublished\":\"2018-05-18T21:01:06+00:00\",\"dateModified\":\"2022-05-23T20:10:51+00:00\",\"breadcrumb\":{\"@id\":\"https:\\\/\\\/neocultura.com.br\\\/tur\\\/es\\\/contacto\\\/#breadcrumb\"},\"inLanguage\":\"pt-BR\",\"potentialAction\":[{\"@type\":\"ReadAction\",\"target\":[\"https:\\\/\\\/neocultura.com.br\\\/tur\\\/es\\\/contacto\\\/\"]}]},{\"@type\":\"BreadcrumbList\",\"@id\":\"https:\\\/\\\/neocultura.com.br\\\/tur\\\/es\\\/contacto\\\/#breadcrumb\",\"itemListElement\":[{\"@type\":\"ListItem\",\"position\":1,\"name\":\"Home\",\"item\":\"https:\\\/\\\/neocultura.com.br\\\/tur\\\/\"},{\"@type\":\"ListItem\",\"position\":2,\"name\":\"CONTACTO\"}]},{\"@type\":\"WebSite\",\"@id\":\"https:\\\/\\\/neocultura.com.br\\\/tur\\\/#website\",\"url\":\"https:\\\/\\\/neocultura.com.br\\\/tur\\\/\",\"name\":\"Neocultura\",\"description\":\"Neocultura\",\"potentialAction\":[{\"@type\":\"SearchAction\",\"target\":{\"@type\":\"EntryPoint\",\"urlTemplate\":\"https:\\\/\\\/neocultura.com.br\\\/tur\\\/?s={search_term_string}\"},\"query-input\":{\"@type\":\"PropertyValueSpecification\",\"valueRequired\":true,\"valueName\":\"search_term_string\"}}],\"inLanguage\":\"pt-BR\"}]}<\/script>\n<!-- \/ Yoast SEO plugin. -->","yoast_head_json":{"title":"CONTACTO - Neocultura","robots":{"index":"index","follow":"follow","max-snippet":"max-snippet:-1","max-image-preview":"max-image-preview:large","max-video-preview":"max-video-preview:-1"},"canonical":"https:\/\/neocultura.com.br\/tur\/es\/contacto\/","og_locale":"pt_BR","og_type":"article","og_title":"CONTACTO - Neocultura","og_description":"CONTACTO Reg\u00edstrese para recibir las novedades de nuestra empresa. O, si lo prefiere, utilice el formulario abajo para ponerse en contacto, o solicitar un presupuesto. HABLE CON NOSOTROS Deje su contacto y mencione el asunto, de forma que podamos entrar en contacto. Si posible, anticipe su inter\u00e9s (desarrollo de APP, soluciones de audiogu\u00eda, Accesibilidad, intercomunicadores [&hellip;]","og_url":"https:\/\/neocultura.com.br\/tur\/es\/contacto\/","og_site_name":"Neocultura","article_modified_time":"2022-05-23T20:10:51+00:00","twitter_card":"summary_large_image","twitter_misc":{"Est. tempo de leitura":"3 minutos"},"schema":{"@context":"https:\/\/schema.org","@graph":[{"@type":"WebPage","@id":"https:\/\/neocultura.com.br\/tur\/es\/contacto\/","url":"https:\/\/neocultura.com.br\/tur\/es\/contacto\/","name":"CONTACTO - Neocultura","isPartOf":{"@id":"https:\/\/neocultura.com.br\/tur\/#website"},"datePublished":"2018-05-18T21:01:06+00:00","dateModified":"2022-05-23T20:10:51+00:00","breadcrumb":{"@id":"https:\/\/neocultura.com.br\/tur\/es\/contacto\/#breadcrumb"},"inLanguage":"pt-BR","potentialAction":[{"@type":"ReadAction","target":["https:\/\/neocultura.com.br\/tur\/es\/contacto\/"]}]},{"@type":"BreadcrumbList","@id":"https:\/\/neocultura.com.br\/tur\/es\/contacto\/#breadcrumb","itemListElement":[{"@type":"ListItem","position":1,"name":"Home","item":"https:\/\/neocultura.com.br\/tur\/"},{"@type":"ListItem","position":2,"name":"CONTACTO"}]},{"@type":"WebSite","@id":"https:\/\/neocultura.com.br\/tur\/#website","url":"https:\/\/neocultura.com.br\/tur\/","name":"Neocultura","description":"Neocultura","potentialAction":[{"@type":"SearchAction","target":{"@type":"EntryPoint","urlTemplate":"https:\/\/neocultura.com.br\/tur\/?s={search_term_string}"},"query-input":{"@type":"PropertyValueSpecification","valueRequired":true,"valueName":"search_term_string"}}],"inLanguage":"pt-BR"}]}},"_links":{"self":[{"href":"https:\/\/neocultura.com.br\/tur\/wp-json\/wp\/v2\/pages\/127","targetHints":{"allow":["GET"]}}],"collection":[{"href":"https:\/\/neocultura.com.br\/tur\/wp-json\/wp\/v2\/pages"}],"about":[{"href":"https:\/\/neocultura.com.br\/tur\/wp-json\/wp\/v2\/types\/page"}],"author":[{"embeddable":true,"href":"https:\/\/neocultura.com.br\/tur\/wp-json\/wp\/v2\/users\/1"}],"replies":[{"embeddable":true,"href":"https:\/\/neocultura.com.br\/tur\/wp-json\/wp\/v2\/comments?post=127"}],"version-history":[{"count":0,"href":"https:\/\/neocultura.com.br\/tur\/wp-json\/wp\/v2\/pages\/127\/revisions"}],"wp:attachment":[{"href":"https:\/\/neocultura.com.br\/tur\/wp-json\/wp\/v2\/media?parent=127"}],"curies":[{"name":"wp","href":"https:\/\/api.w.org\/{rel}","templated":true}]}}