{"id":26,"date":"2024-04-10T16:52:08","date_gmt":"2024-04-10T16:52:08","guid":{"rendered":"https:\/\/neocultura.com.br\/esp\/?page_id=26"},"modified":"2024-05-10T16:02:53","modified_gmt":"2024-05-10T16:02:53","slug":"unidade-de-negocios-es","status":"publish","type":"page","link":"https:\/\/neocultura.com.br\/esp\/es\/unidade-de-negocios-es\/","title":{"rendered":"Unidade de neg\u00f3cios es"},"content":{"rendered":"<p>[et_pb_section fb_built=&#8221;1&#8243; _builder_version=&#8221;4.25.0&#8243; _module_preset=&#8221;default&#8221; custom_padding=&#8221;0px||0px||true|false&#8221; global_colors_info=&#8221;{}&#8221;][et_pb_row use_custom_gutter=&#8221;on&#8221; gutter_width=&#8221;2&#8243; _builder_version=&#8221;4.25.0&#8243; _module_preset=&#8221;default&#8221; custom_padding=&#8221;||||true|false&#8221; global_colors_info=&#8221;{}&#8221;][et_pb_column type=&#8221;4_4&#8243; _builder_version=&#8221;4.24.3&#8243; _module_preset=&#8221;default&#8221; global_colors_info=&#8221;{}&#8221;][et_pb_text _builder_version=&#8221;4.25.1&#8243; _module_preset=&#8221;default&#8221; text_font_size=&#8221;16px&#8221; text_line_height=&#8221;1.6em&#8221; header_3_text_align=&#8221;center&#8221; header_3_font_size=&#8221;20px&#8221; header_3_line_height=&#8221;1.2em&#8221; global_colors_info=&#8221;{}&#8221;]<\/p>\n<h3><strong>Una unidad de negocio dedicada al Deporte y el Entretenimiento<\/strong><\/h3>\n<h3><em>Llevamos innovaci\u00f3n tecnol\u00f3gica a pa\u00edses de Am\u00e9rica Latina<\/em><\/h3>\n<p>[\/et_pb_text][et_pb_text _builder_version=&#8221;4.25.1&#8243; _module_preset=&#8221;default&#8221; header_3_text_align=&#8221;center&#8221; header_3_line_height=&#8221;1.3em&#8221; global_colors_info=&#8221;{}&#8221;]<\/p>\n<p><strong>NEOCULTURA<\/strong> es reconocida por buscar en el panorama internacional soluciones tecnol\u00f3gicas modernas de comunicaci\u00f3n, poni\u00e9ndolas a disposici\u00f3n localmente.<br \/>Desde 2007 proveemos servicio a los sectores de la cultura y el turismo, siendo <strong>l\u00edderes en soluciones de visitas audioguiadas<\/strong>.<\/p>\n<p>Ampliamos nuestras operaciones a trav\u00e9s de <strong>NEOESPORTE<\/strong>, que representa exclusivamente los productos <strong>VOGO \/ VOKKER<\/strong>O, de la reconocida sportech francesa. <br \/>Los radios <strong>VOKKERO<\/strong> son utilizados por los \u00e1rbitros de las principales ligas deportivas del mundo. Nuestras <strong>soluciones de VAR<\/strong> (Video Assistant Referee) est\u00e1n en plena expansi\u00f3n en todo el mundo.<br \/>Y tambi\u00e9n tenemos sistemas de comunicaci\u00f3n que fueron planeados para otros relevantes sectores de la econom\u00eda.<\/p>\n<p>[\/et_pb_text][\/et_pb_column][\/et_pb_row][\/et_pb_section][et_pb_section fb_built=&#8221;1&#8243; _builder_version=&#8221;4.24.3&#8243; _module_preset=&#8221;default&#8221; background_color=&#8221;#000000&#8243; custom_padding=&#8221;0px||0px||true|false&#8221; global_colors_info=&#8221;{}&#8221;][et_pb_row _builder_version=&#8221;4.24.3&#8243; _module_preset=&#8221;default&#8221; global_colors_info=&#8221;{}&#8221;][et_pb_column type=&#8221;4_4&#8243; _builder_version=&#8221;4.24.3&#8243; _module_preset=&#8221;default&#8221; global_colors_info=&#8221;{}&#8221;][et_pb_text _builder_version=&#8221;4.25.1&#8243; _module_preset=&#8221;default&#8221; header_2_font=&#8221;|700||on|||||&#8221; header_2_text_align=&#8221;center&#8221; header_2_font_size=&#8221;24px&#8221; header_4_font=&#8221;|700||on|||||&#8221; header_4_text_align=&#8221;center&#8221; background_layout=&#8221;dark&#8221; hover_enabled=&#8221;0&#8243; global_colors_info=&#8221;{}&#8221; sticky_enabled=&#8221;0&#8243;]<\/p>\n<h2><strong>SECTORES ATENDIDOS<\/strong><\/h2>\n<p>[\/et_pb_text][\/et_pb_column][\/et_pb_row][et_pb_row column_structure=&#8221;1_3,1_3,1_3&#8243; use_custom_gutter=&#8221;on&#8221; gutter_width=&#8221;2&#8243; module_class=&#8221;customRow&#8221; _builder_version=&#8221;4.25.0&#8243; _module_preset=&#8221;default&#8221; custom_margin=&#8221;||||false|true&#8221; custom_padding=&#8221;0px||||false|true&#8221; global_colors_info=&#8221;{}&#8221;][et_pb_column type=&#8221;1_3&#8243; _builder_version=&#8221;4.24.3&#8243; _module_preset=&#8221;default&#8221; global_colors_info=&#8221;{}&#8221;][et_pb_blurb image=&#8221;https:\/\/neocultura.com.br\/esp\/wp-content\/uploads\/2024\/05\/deportes.jpg&#8221; alt=&#8221;Deportes&#8221; _builder_version=&#8221;4.25.1&#8243; _module_preset=&#8221;default&#8221; header_font=&#8221;|700||on|||||&#8221; body_text_align=&#8221;center&#8221; background_layout=&#8221;dark&#8221; animation=&#8221;off&#8221; global_colors_info=&#8221;{}&#8221;]<\/p>\n<p>La tecnolog\u00eda apoyando la an\u00e1lisis y la toma de decisiones de \u00e1rbitros, entrenadores y equipos m\u00e9dicos.<\/p>\n<p>[\/et_pb_blurb][\/et_pb_column][et_pb_column type=&#8221;1_3&#8243; _builder_version=&#8221;4.24.3&#8243; _module_preset=&#8221;default&#8221; global_colors_info=&#8221;{}&#8221;][et_pb_blurb image=&#8221;https:\/\/neocultura.com.br\/esp\/wp-content\/uploads\/2024\/04\/audiovisual-pt.jpg&#8221; alt=&#8221;Audiovisual&#8221; _builder_version=&#8221;4.25.1&#8243; _module_preset=&#8221;default&#8221; header_font=&#8221;|700||on|||||&#8221; body_text_align=&#8221;center&#8221; background_layout=&#8221;dark&#8221; animation=&#8221;off&#8221; global_colors_info=&#8221;{}&#8221;]<\/p>\n<p>Para equipos t\u00e9cnicos y espectadores. La comunicaci\u00f3n contribuyendo para el suceso de su evento.<\/p>\n<p>[\/et_pb_blurb][\/et_pb_column][et_pb_column type=&#8221;1_3&#8243; _builder_version=&#8221;4.24.3&#8243; _module_preset=&#8221;default&#8221; global_colors_info=&#8221;{}&#8221;][et_pb_blurb image=&#8221;https:\/\/neocultura.com.br\/esp\/wp-content\/uploads\/2024\/05\/industrias-es.jpg&#8221; alt=&#8221;Industrias&#8221; _builder_version=&#8221;4.25.1&#8243; _module_preset=&#8221;default&#8221; header_font=&#8221;|700||on|||||&#8221; body_text_align=&#8221;center&#8221; background_layout=&#8221;dark&#8221; animation=&#8221;off&#8221; global_colors_info=&#8221;{}&#8221;]<\/p>\n<p>Comunicaci\u00f3n en ambientes complejos, garantizando la seguridad de los equipos de campo.<\/p>\n<p>[\/et_pb_blurb][\/et_pb_column][\/et_pb_row][\/et_pb_section][et_pb_section fb_built=&#8221;1&#8243; _builder_version=&#8221;4.25.0&#8243; _module_preset=&#8221;default&#8221; background_color=&#8221;#004ba7&#8243; custom_margin=&#8221;20px||||false|false&#8221; custom_padding=&#8221;0px||0px||true|false&#8221; global_colors_info=&#8221;{}&#8221;][et_pb_row _builder_version=&#8221;4.24.3&#8243; _module_preset=&#8221;default&#8221; custom_padding=&#8221;||||false|false&#8221; global_colors_info=&#8221;{}&#8221;][et_pb_column type=&#8221;4_4&#8243; _builder_version=&#8221;4.24.3&#8243; _module_preset=&#8221;default&#8221; global_colors_info=&#8221;{}&#8221;][et_pb_text admin_label=&#8221;Solu\u00e7\u00f5es&#8221; _builder_version=&#8221;4.25.1&#8243; _module_preset=&#8221;default&#8221; header_2_font=&#8221;|700||on|||||&#8221; header_2_text_align=&#8221;center&#8221; header_2_font_size=&#8221;24px&#8221; header_4_font=&#8221;|700||on|||||&#8221; header_4_text_align=&#8221;center&#8221; background_layout=&#8221;dark&#8221; hover_enabled=&#8221;0&#8243; global_colors_info=&#8221;{}&#8221; sticky_enabled=&#8221;0&#8243;]<\/p>\n<h2><strong>SOLUCIONES<\/strong><\/h2>\n<p>[\/et_pb_text][\/et_pb_column][\/et_pb_row][et_pb_row column_structure=&#8221;1_2,1_2&#8243; use_custom_gutter=&#8221;on&#8221; gutter_width=&#8221;2&#8243; module_class=&#8221;customRow&#8221; _builder_version=&#8221;4.25.0&#8243; _module_preset=&#8221;default&#8221; max_width=&#8221;980px&#8221; module_alignment=&#8221;center&#8221; custom_padding=&#8221;0px||||false|false&#8221; global_colors_info=&#8221;{}&#8221;][et_pb_column type=&#8221;1_2&#8243; _builder_version=&#8221;4.24.3&#8243; _module_preset=&#8221;default&#8221; global_colors_info=&#8221;{}&#8221;][et_pb_blurb image=&#8221;https:\/\/neocultura.com.br\/esp\/wp-content\/uploads\/2024\/05\/audio-es.jpg&#8221; alt=&#8221;Audio&#8221; _builder_version=&#8221;4.25.1&#8243; _module_preset=&#8221;default&#8221; header_font=&#8221;|700||on|||||&#8221; body_text_align=&#8221;center&#8221; background_layout=&#8221;dark&#8221; animation=&#8221;off&#8221; global_colors_info=&#8221;{}&#8221;]<\/p>\n<p>Para ambientes donde la comunicaci\u00f3n es dif\u00edcil e imprescindible (arenas deportivas, espect\u00e1culos musicales, plantas industriales, em la construcci\u00f3n civil, &#8230;).<\/p>\n<p>[\/et_pb_blurb][\/et_pb_column][et_pb_column type=&#8221;1_2&#8243; _builder_version=&#8221;4.24.3&#8243; _module_preset=&#8221;default&#8221; global_colors_info=&#8221;{}&#8221;][et_pb_blurb image=&#8221;https:\/\/neocultura.com.br\/esp\/wp-content\/uploads\/2024\/05\/video-es.jpg&#8221; alt=&#8221;Video +&#8221; _builder_version=&#8221;4.25.1&#8243; _module_preset=&#8221;default&#8221; header_font=&#8221;|700||on|||||&#8221; body_text_align=&#8221;center&#8221; background_layout=&#8221;dark&#8221; animation=&#8221;off&#8221; global_colors_info=&#8221;{}&#8221;]<\/p>\n<p>Soluciones personalizadas de alto rendimiento, com funciones de replay y zoom, usando im\u00e1genes televisadas o c\u00e1maras propias. Puede combinar audio e video.<\/p>\n<p>[\/et_pb_blurb][\/et_pb_column][\/et_pb_row][et_pb_row _builder_version=&#8221;4.25.0&#8243; _module_preset=&#8221;default&#8221; global_colors_info=&#8221;{}&#8221;][et_pb_column type=&#8221;4_4&#8243; _builder_version=&#8221;4.25.0&#8243; _module_preset=&#8221;default&#8221; global_colors_info=&#8221;{}&#8221;][et_pb_code module_class=&#8221;custom-video-control-inicial&#8221; _builder_version=&#8221;4.25.0&#8243; _module_preset=&#8221;default&#8221; global_colors_info=&#8221;{}&#8221;]<iframe loading=\"lazy\" width=\"560\" height=\"315\" src=\"https:\/\/www.youtube.com\/embed\/UqpquNwhLXQ?si=QMWME2Giaffvv-us?start=19&#038;rel=0&#038;loop=0\" frameborder=\"0\" allow=\"accelerometer; autoplay; clipboard-write; encrypted-media; gyroscope; picture-in-picture\" allowfullscreen><\/iframe>[\/et_pb_code][\/et_pb_column][\/et_pb_row][\/et_pb_section]<\/p>\n","protected":false},"excerpt":{"rendered":"<p>Una unidad de negocio dedicada al Deporte y el Entretenimiento Llevamos innovaci\u00f3n tecnol\u00f3gica a pa\u00edses de Am\u00e9rica LatinaNEOCULTURA es reconocida por buscar en el panorama internacional soluciones tecnol\u00f3gicas modernas de comunicaci\u00f3n, poni\u00e9ndolas a disposici\u00f3n localmente.Desde 2007 proveemos servicio a los sectores de la cultura y el turismo, siendo l\u00edderes en soluciones de visitas audioguiadas. Ampliamos [&hellip;]<\/p>\n","protected":false},"author":1,"featured_media":0,"parent":0,"menu_order":0,"comment_status":"closed","ping_status":"closed","template":"","meta":{"_et_pb_use_builder":"on","_et_pb_old_content":"","_et_gb_content_width":"","footnotes":""},"class_list":["post-26","page","type-page","status-publish","hentry"],"yoast_head":"<!-- This site is optimized with the Yoast SEO plugin v27.5 - https:\/\/yoast.com\/product\/yoast-seo-wordpress\/ -->\n<title>Unidade de neg\u00f3cios es - Neoesporte<\/title>\n<meta name=\"robots\" content=\"index, follow, max-snippet:-1, max-image-preview:large, max-video-preview:-1\" \/>\n<link rel=\"canonical\" href=\"https:\/\/neocultura.com.br\/esp\/es\/unidade-de-negocios-es\/\" \/>\n<meta property=\"og:locale\" content=\"pt_BR\" \/>\n<meta property=\"og:type\" content=\"article\" \/>\n<meta property=\"og:title\" content=\"Unidade de neg\u00f3cios es - Neoesporte\" \/>\n<meta property=\"og:description\" content=\"Una unidad de negocio dedicada al Deporte y el Entretenimiento Llevamos innovaci\u00f3n tecnol\u00f3gica a pa\u00edses de Am\u00e9rica LatinaNEOCULTURA es reconocida por buscar en el panorama internacional soluciones tecnol\u00f3gicas modernas de comunicaci\u00f3n, poni\u00e9ndolas a disposici\u00f3n localmente.Desde 2007 proveemos servicio a los sectores de la cultura y el turismo, siendo l\u00edderes en soluciones de visitas audioguiadas. Ampliamos [&hellip;]\" \/>\n<meta property=\"og:url\" content=\"https:\/\/neocultura.com.br\/esp\/es\/unidade-de-negocios-es\/\" \/>\n<meta property=\"og:site_name\" content=\"Neoesporte\" \/>\n<meta property=\"article:modified_time\" content=\"2024-05-10T16:02:53+00:00\" \/>\n<meta name=\"twitter:card\" content=\"summary_large_image\" \/>\n<script type=\"application\/ld+json\" class=\"yoast-schema-graph\">{\"@context\":\"https:\\\/\\\/schema.org\",\"@graph\":[{\"@type\":\"WebPage\",\"@id\":\"https:\\\/\\\/neocultura.com.br\\\/esp\\\/es\\\/unidade-de-negocios-es\\\/\",\"url\":\"https:\\\/\\\/neocultura.com.br\\\/esp\\\/es\\\/unidade-de-negocios-es\\\/\",\"name\":\"Unidade de neg\u00f3cios es - Neoesporte\",\"isPartOf\":{\"@id\":\"https:\\\/\\\/neocultura.com.br\\\/esp\\\/#website\"},\"datePublished\":\"2024-04-10T16:52:08+00:00\",\"dateModified\":\"2024-05-10T16:02:53+00:00\",\"breadcrumb\":{\"@id\":\"https:\\\/\\\/neocultura.com.br\\\/esp\\\/es\\\/unidade-de-negocios-es\\\/#breadcrumb\"},\"inLanguage\":\"pt-BR\",\"potentialAction\":[{\"@type\":\"ReadAction\",\"target\":[\"https:\\\/\\\/neocultura.com.br\\\/esp\\\/es\\\/unidade-de-negocios-es\\\/\"]}]},{\"@type\":\"BreadcrumbList\",\"@id\":\"https:\\\/\\\/neocultura.com.br\\\/esp\\\/es\\\/unidade-de-negocios-es\\\/#breadcrumb\",\"itemListElement\":[{\"@type\":\"ListItem\",\"position\":1,\"name\":\"In\u00edcio\",\"item\":\"https:\\\/\\\/neocultura.com.br\\\/esp\\\/\"},{\"@type\":\"ListItem\",\"position\":2,\"name\":\"Unidade de neg\u00f3cios es\"}]},{\"@type\":\"WebSite\",\"@id\":\"https:\\\/\\\/neocultura.com.br\\\/esp\\\/#website\",\"url\":\"https:\\\/\\\/neocultura.com.br\\\/esp\\\/\",\"name\":\"Neoesporte\",\"description\":\"Neoesporte\",\"potentialAction\":[{\"@type\":\"SearchAction\",\"target\":{\"@type\":\"EntryPoint\",\"urlTemplate\":\"https:\\\/\\\/neocultura.com.br\\\/esp\\\/?s={search_term_string}\"},\"query-input\":{\"@type\":\"PropertyValueSpecification\",\"valueRequired\":true,\"valueName\":\"search_term_string\"}}],\"inLanguage\":\"pt-BR\"}]}<\/script>\n<!-- \/ Yoast SEO plugin. -->","yoast_head_json":{"title":"Unidade de neg\u00f3cios es - Neoesporte","robots":{"index":"index","follow":"follow","max-snippet":"max-snippet:-1","max-image-preview":"max-image-preview:large","max-video-preview":"max-video-preview:-1"},"canonical":"https:\/\/neocultura.com.br\/esp\/es\/unidade-de-negocios-es\/","og_locale":"pt_BR","og_type":"article","og_title":"Unidade de neg\u00f3cios es - Neoesporte","og_description":"Una unidad de negocio dedicada al Deporte y el Entretenimiento Llevamos innovaci\u00f3n tecnol\u00f3gica a pa\u00edses de Am\u00e9rica LatinaNEOCULTURA es reconocida por buscar en el panorama internacional soluciones tecnol\u00f3gicas modernas de comunicaci\u00f3n, poni\u00e9ndolas a disposici\u00f3n localmente.Desde 2007 proveemos servicio a los sectores de la cultura y el turismo, siendo l\u00edderes en soluciones de visitas audioguiadas. Ampliamos [&hellip;]","og_url":"https:\/\/neocultura.com.br\/esp\/es\/unidade-de-negocios-es\/","og_site_name":"Neoesporte","article_modified_time":"2024-05-10T16:02:53+00:00","twitter_card":"summary_large_image","schema":{"@context":"https:\/\/schema.org","@graph":[{"@type":"WebPage","@id":"https:\/\/neocultura.com.br\/esp\/es\/unidade-de-negocios-es\/","url":"https:\/\/neocultura.com.br\/esp\/es\/unidade-de-negocios-es\/","name":"Unidade de neg\u00f3cios es - Neoesporte","isPartOf":{"@id":"https:\/\/neocultura.com.br\/esp\/#website"},"datePublished":"2024-04-10T16:52:08+00:00","dateModified":"2024-05-10T16:02:53+00:00","breadcrumb":{"@id":"https:\/\/neocultura.com.br\/esp\/es\/unidade-de-negocios-es\/#breadcrumb"},"inLanguage":"pt-BR","potentialAction":[{"@type":"ReadAction","target":["https:\/\/neocultura.com.br\/esp\/es\/unidade-de-negocios-es\/"]}]},{"@type":"BreadcrumbList","@id":"https:\/\/neocultura.com.br\/esp\/es\/unidade-de-negocios-es\/#breadcrumb","itemListElement":[{"@type":"ListItem","position":1,"name":"In\u00edcio","item":"https:\/\/neocultura.com.br\/esp\/"},{"@type":"ListItem","position":2,"name":"Unidade de neg\u00f3cios es"}]},{"@type":"WebSite","@id":"https:\/\/neocultura.com.br\/esp\/#website","url":"https:\/\/neocultura.com.br\/esp\/","name":"Neoesporte","description":"Neoesporte","potentialAction":[{"@type":"SearchAction","target":{"@type":"EntryPoint","urlTemplate":"https:\/\/neocultura.com.br\/esp\/?s={search_term_string}"},"query-input":{"@type":"PropertyValueSpecification","valueRequired":true,"valueName":"search_term_string"}}],"inLanguage":"pt-BR"}]}},"_links":{"self":[{"href":"https:\/\/neocultura.com.br\/esp\/wp-json\/wp\/v2\/pages\/26","targetHints":{"allow":["GET"]}}],"collection":[{"href":"https:\/\/neocultura.com.br\/esp\/wp-json\/wp\/v2\/pages"}],"about":[{"href":"https:\/\/neocultura.com.br\/esp\/wp-json\/wp\/v2\/types\/page"}],"author":[{"embeddable":true,"href":"https:\/\/neocultura.com.br\/esp\/wp-json\/wp\/v2\/users\/1"}],"replies":[{"embeddable":true,"href":"https:\/\/neocultura.com.br\/esp\/wp-json\/wp\/v2\/comments?post=26"}],"version-history":[{"count":8,"href":"https:\/\/neocultura.com.br\/esp\/wp-json\/wp\/v2\/pages\/26\/revisions"}],"predecessor-version":[{"id":1486,"href":"https:\/\/neocultura.com.br\/esp\/wp-json\/wp\/v2\/pages\/26\/revisions\/1486"}],"wp:attachment":[{"href":"https:\/\/neocultura.com.br\/esp\/wp-json\/wp\/v2\/media?parent=26"}],"curies":[{"name":"wp","href":"https:\/\/api.w.org\/{rel}","templated":true}]}}