{"id":15,"date":"2024-04-10T16:27:55","date_gmt":"2024-04-10T16:27:55","guid":{"rendered":"https:\/\/neocultura.com.br\/esp\/?page_id=15"},"modified":"2024-05-09T12:33:52","modified_gmt":"2024-05-09T12:33:52","slug":"unidade-de-negocios","status":"publish","type":"page","link":"https:\/\/neocultura.com.br\/esp\/","title":{"rendered":"Unidade de Neg\u00f3cios"},"content":{"rendered":"<p>[et_pb_section fb_built=&#8221;1&#8243; _builder_version=&#8221;4.25.0&#8243; _module_preset=&#8221;default&#8221; custom_padding=&#8221;0px||0px||true|false&#8221; global_colors_info=&#8221;{}&#8221;][et_pb_row use_custom_gutter=&#8221;on&#8221; gutter_width=&#8221;2&#8243; _builder_version=&#8221;4.25.0&#8243; _module_preset=&#8221;default&#8221; custom_padding=&#8221;||||true|false&#8221; global_colors_info=&#8221;{}&#8221;][et_pb_column type=&#8221;4_4&#8243; _builder_version=&#8221;4.24.3&#8243; _module_preset=&#8221;default&#8221; global_colors_info=&#8221;{}&#8221;][et_pb_text _builder_version=&#8221;4.25.0&#8243; _module_preset=&#8221;default&#8221; text_font_size=&#8221;16px&#8221; text_line_height=&#8221;1.6em&#8221; header_3_text_align=&#8221;center&#8221; header_3_font_size=&#8221;20px&#8221; header_3_line_height=&#8221;1.2em&#8221; global_colors_info=&#8221;{}&#8221;]<\/p>\n<h3><strong>Uma unidade de neg\u00f3cios dedicada ao Esporte e ao Entretenimento<\/strong><\/h3>\n<h3><em>Levamos inova\u00e7\u00e3o tecnol\u00f3gica aos pa\u00edses latino-americanos<\/em><\/h3>\n<p>[\/et_pb_text][et_pb_text _builder_version=&#8221;4.25.0&#8243; _module_preset=&#8221;default&#8221; header_3_text_align=&#8221;center&#8221; header_3_line_height=&#8221;1.3em&#8221; global_colors_info=&#8221;{}&#8221;]<\/p>\n<p>A <strong>NEOCULTURA<\/strong> \u00e9 reconhecida por buscar no cen\u00e1rio internacional modernas solu\u00e7\u00f5es tecnol\u00f3gicas de comunica\u00e7\u00e3o, disponibilizando-as localmente.<br \/>Desde 2007 atendemos os setores da cultura e do turismo, sendo <strong>l\u00edderes em solu\u00e7\u00f5es de visitas audioguiadas<\/strong>.<\/p>\n<p>Expandimos nossa atua\u00e7\u00e3o atrav\u00e9s da <strong>NEOESPORTE<\/strong>, a qual representa com exclusividade os produtos <strong>VOGO \/ VOKKERO<\/strong>, de renomada sportech francesa.<br \/>Os r\u00e1dios<strong> VOKKERO<\/strong> s\u00e3o utilizados por \u00e1rbitros nas principais ligas esportivas do mundo. Nossas<strong> solu\u00e7\u00f5es de VAR<\/strong> (Video Assistant Referee) est\u00e3o em plena expans\u00e3o no mundo.<br \/>E temos ainda sistemas de comunica\u00e7\u00e3o que foram planejadas para outros relevantes setores da economia.<\/p>\n<p>[\/et_pb_text][\/et_pb_column][\/et_pb_row][\/et_pb_section][et_pb_section fb_built=&#8221;1&#8243; _builder_version=&#8221;4.24.3&#8243; _module_preset=&#8221;default&#8221; background_color=&#8221;#000000&#8243; custom_padding=&#8221;0px||0px||true|false&#8221; global_colors_info=&#8221;{}&#8221;][et_pb_row _builder_version=&#8221;4.24.3&#8243; _module_preset=&#8221;default&#8221; global_colors_info=&#8221;{}&#8221;][et_pb_column type=&#8221;4_4&#8243; _builder_version=&#8221;4.24.3&#8243; _module_preset=&#8221;default&#8221; global_colors_info=&#8221;{}&#8221;][et_pb_text _builder_version=&#8221;4.25.0&#8243; _module_preset=&#8221;default&#8221; header_2_font=&#8221;|700||on|||||&#8221; header_2_text_align=&#8221;center&#8221; header_2_font_size=&#8221;24px&#8221; header_4_font=&#8221;|700||on|||||&#8221; header_4_text_align=&#8221;center&#8221; background_layout=&#8221;dark&#8221; global_colors_info=&#8221;{}&#8221;]<\/p>\n<h2>Setores Atendidos<\/h2>\n<p>[\/et_pb_text][\/et_pb_column][\/et_pb_row][et_pb_row column_structure=&#8221;1_3,1_3,1_3&#8243; use_custom_gutter=&#8221;on&#8221; gutter_width=&#8221;2&#8243; module_class=&#8221;customRow&#8221; _builder_version=&#8221;4.25.0&#8243; _module_preset=&#8221;default&#8221; custom_margin=&#8221;||||false|true&#8221; custom_padding=&#8221;0px||||false|true&#8221; global_colors_info=&#8221;{}&#8221;][et_pb_column type=&#8221;1_3&#8243; _builder_version=&#8221;4.24.3&#8243; _module_preset=&#8221;default&#8221; global_colors_info=&#8221;{}&#8221;][et_pb_blurb image=&#8221;https:\/\/neocultura.com.br\/esp\/wp-content\/uploads\/2024\/04\/esportes-pt.jpg&#8221; alt=&#8221;Esportes&#8221; _builder_version=&#8221;4.25.0&#8243; _module_preset=&#8221;default&#8221; header_font=&#8221;|700||on|||||&#8221; body_text_align=&#8221;center&#8221; background_layout=&#8221;dark&#8221; animation=&#8221;off&#8221; global_colors_info=&#8221;{}&#8221;]<\/p>\n<p>Tecnologia apoiando a an\u00e1lise e a tomada de decis\u00e3o de \u00e1rbitros, treinadores e equipes m\u00e9dicas.<\/p>\n<p>[\/et_pb_blurb][\/et_pb_column][et_pb_column type=&#8221;1_3&#8243; _builder_version=&#8221;4.24.3&#8243; _module_preset=&#8221;default&#8221; global_colors_info=&#8221;{}&#8221;][et_pb_blurb image=&#8221;https:\/\/neocultura.com.br\/esp\/wp-content\/uploads\/2024\/04\/audiovisual-pt.jpg&#8221; alt=&#8221;Audiovisual&#8221; _builder_version=&#8221;4.25.0&#8243; _module_preset=&#8221;default&#8221; header_font=&#8221;|700||on|||||&#8221; body_text_align=&#8221;center&#8221; background_layout=&#8221;dark&#8221; animation=&#8221;off&#8221; global_colors_info=&#8221;{}&#8221;]<\/p>\n<p>Para equipes t\u00e9cnicas e espectadores. A comunica\u00e7\u00e3o contribuindo para o sucesso do seu evento.<\/p>\n<p>[\/et_pb_blurb][\/et_pb_column][et_pb_column type=&#8221;1_3&#8243; _builder_version=&#8221;4.24.3&#8243; _module_preset=&#8221;default&#8221; global_colors_info=&#8221;{}&#8221;][et_pb_blurb image=&#8221;https:\/\/neocultura.com.br\/esp\/wp-content\/uploads\/2024\/04\/industrias-pt.jpg&#8221; alt=&#8221;Ind\u00fastrias&#8221; _builder_version=&#8221;4.25.0&#8243; _module_preset=&#8221;default&#8221; header_font=&#8221;|700||on|||||&#8221; body_text_align=&#8221;center&#8221; background_layout=&#8221;dark&#8221; animation=&#8221;off&#8221; global_colors_info=&#8221;{}&#8221;]<\/p>\n<p>Comunica\u00e7\u00e3o em ambientes complexos, garantindo a seguran\u00e7a das equipes de campo.<\/p>\n<p>[\/et_pb_blurb][\/et_pb_column][\/et_pb_row][\/et_pb_section][et_pb_section fb_built=&#8221;1&#8243; _builder_version=&#8221;4.25.0&#8243; _module_preset=&#8221;default&#8221; background_color=&#8221;#004ba7&#8243; custom_margin=&#8221;20px||||false|false&#8221; custom_padding=&#8221;0px||0px||true|false&#8221; global_colors_info=&#8221;{}&#8221;][et_pb_row _builder_version=&#8221;4.24.3&#8243; _module_preset=&#8221;default&#8221; custom_padding=&#8221;||||false|false&#8221; global_colors_info=&#8221;{}&#8221;][et_pb_column type=&#8221;4_4&#8243; _builder_version=&#8221;4.24.3&#8243; _module_preset=&#8221;default&#8221; global_colors_info=&#8221;{}&#8221;][et_pb_text admin_label=&#8221;Solu\u00e7\u00f5es&#8221; _builder_version=&#8221;4.25.0&#8243; _module_preset=&#8221;default&#8221; header_2_font=&#8221;|700||on|||||&#8221; header_2_text_align=&#8221;center&#8221; header_2_font_size=&#8221;24px&#8221; header_4_font=&#8221;|700||on|||||&#8221; header_4_text_align=&#8221;center&#8221; background_layout=&#8221;dark&#8221; global_colors_info=&#8221;{}&#8221;]<\/p>\n<h2>Solu\u00e7\u00f5es<\/h2>\n<p>[\/et_pb_text][\/et_pb_column][\/et_pb_row][et_pb_row column_structure=&#8221;1_2,1_2&#8243; use_custom_gutter=&#8221;on&#8221; gutter_width=&#8221;2&#8243; module_class=&#8221;customRow&#8221; _builder_version=&#8221;4.25.0&#8243; _module_preset=&#8221;default&#8221; max_width=&#8221;980px&#8221; module_alignment=&#8221;center&#8221; custom_padding=&#8221;0px||||false|false&#8221; global_colors_info=&#8221;{}&#8221;][et_pb_column type=&#8221;1_2&#8243; _builder_version=&#8221;4.24.3&#8243; _module_preset=&#8221;default&#8221; global_colors_info=&#8221;{}&#8221;][et_pb_blurb image=&#8221;https:\/\/neocultura.com.br\/esp\/wp-content\/uploads\/2024\/04\/audio-pt2.jpg&#8221; alt=&#8221;\u00c1udio&#8221; _builder_version=&#8221;4.25.0&#8243; _module_preset=&#8221;default&#8221; header_font=&#8221;|700||on|||||&#8221; body_text_align=&#8221;center&#8221; background_layout=&#8221;dark&#8221; animation=&#8221;off&#8221; global_colors_info=&#8221;{}&#8221;]<\/p>\n<p>Para ambientes onde a comunica\u00e7\u00e3o \u00e9 dif\u00edcil e imprescind\u00edvel (arenas de esporte, espet\u00e1culos musicais, plantas industriais, na constru\u00e7\u00e3o civil, &#8230;).<\/p>\n<p>[\/et_pb_blurb][\/et_pb_column][et_pb_column type=&#8221;1_2&#8243; _builder_version=&#8221;4.24.3&#8243; _module_preset=&#8221;default&#8221; global_colors_info=&#8221;{}&#8221;][et_pb_blurb image=&#8221;https:\/\/neocultura.com.br\/esp\/wp-content\/uploads\/2024\/04\/video-pt.jpg&#8221; alt=&#8221;V\u00eddeo&#8221; _builder_version=&#8221;4.25.0&#8243; _module_preset=&#8221;default&#8221; header_font=&#8221;|700||on|||||&#8221; body_text_align=&#8221;center&#8221; background_layout=&#8221;dark&#8221; animation=&#8221;off&#8221; global_colors_info=&#8221;{}&#8221;]<\/p>\n<p>Solu\u00e7\u00f5es personalizadas de alto desempenho, com recursos de <em>replay<\/em> e <em>zoom<\/em>, usando imagens televisionadas ou c\u00e2meras pr\u00f3prias. Podendo combinar \u00e1udio e v\u00eddeo.<\/p>\n<p>[\/et_pb_blurb][\/et_pb_column][\/et_pb_row][et_pb_row _builder_version=&#8221;4.25.0&#8243; _module_preset=&#8221;default&#8221; global_colors_info=&#8221;{}&#8221;][et_pb_column type=&#8221;4_4&#8243; _builder_version=&#8221;4.25.0&#8243; _module_preset=&#8221;default&#8221; global_colors_info=&#8221;{}&#8221;][et_pb_code module_class=&#8221;custom-video-control-inicial&#8221; _builder_version=&#8221;4.25.0&#8243; _module_preset=&#8221;default&#8221; global_colors_info=&#8221;{}&#8221;]<iframe loading=\"lazy\" width=\"560\" height=\"315\" src=\"https:\/\/www.youtube.com\/embed\/UqpquNwhLXQ?si=QMWME2Giaffvv-us?start=19&#038;rel=0&#038;loop=0\" frameborder=\"0\" allow=\"accelerometer; autoplay; clipboard-write; encrypted-media; gyroscope; picture-in-picture\" allowfullscreen><\/iframe>[\/et_pb_code][\/et_pb_column][\/et_pb_row][\/et_pb_section]<\/p>\n","protected":false},"excerpt":{"rendered":"<p>Uma unidade de neg\u00f3cios dedicada ao Esporte e ao Entretenimento Levamos inova\u00e7\u00e3o tecnol\u00f3gica aos pa\u00edses latino-americanosA NEOCULTURA \u00e9 reconhecida por buscar no cen\u00e1rio internacional modernas solu\u00e7\u00f5es tecnol\u00f3gicas de comunica\u00e7\u00e3o, disponibilizando-as localmente.Desde 2007 atendemos os setores da cultura e do turismo, sendo l\u00edderes em solu\u00e7\u00f5es de visitas audioguiadas. Expandimos nossa atua\u00e7\u00e3o atrav\u00e9s da NEOESPORTE, a qual [&hellip;]<\/p>\n","protected":false},"author":1,"featured_media":0,"parent":0,"menu_order":0,"comment_status":"closed","ping_status":"closed","template":"","meta":{"_et_pb_use_builder":"on","_et_pb_old_content":"","_et_gb_content_width":"","footnotes":""},"class_list":["post-15","page","type-page","status-publish","hentry"],"yoast_head":"<!-- This site is optimized with the Yoast SEO plugin v27.4 - https:\/\/yoast.com\/product\/yoast-seo-wordpress\/ -->\n<title>Unidade de Neg\u00f3cios - Neoesporte<\/title>\n<meta name=\"robots\" content=\"index, follow, max-snippet:-1, max-image-preview:large, max-video-preview:-1\" \/>\n<link rel=\"canonical\" href=\"https:\/\/neocultura.com.br\/esp\/\" \/>\n<meta property=\"og:locale\" content=\"pt_BR\" \/>\n<meta property=\"og:type\" content=\"article\" \/>\n<meta property=\"og:title\" content=\"Unidade de Neg\u00f3cios - Neoesporte\" \/>\n<meta property=\"og:description\" content=\"Uma unidade de neg\u00f3cios dedicada ao Esporte e ao Entretenimento Levamos inova\u00e7\u00e3o tecnol\u00f3gica aos pa\u00edses latino-americanosA NEOCULTURA \u00e9 reconhecida por buscar no cen\u00e1rio internacional modernas solu\u00e7\u00f5es tecnol\u00f3gicas de comunica\u00e7\u00e3o, disponibilizando-as localmente.Desde 2007 atendemos os setores da cultura e do turismo, sendo l\u00edderes em solu\u00e7\u00f5es de visitas audioguiadas. Expandimos nossa atua\u00e7\u00e3o atrav\u00e9s da NEOESPORTE, a qual [&hellip;]\" \/>\n<meta property=\"og:url\" content=\"https:\/\/neocultura.com.br\/esp\/\" \/>\n<meta property=\"og:site_name\" content=\"Neoesporte\" \/>\n<meta property=\"article:modified_time\" content=\"2024-05-09T12:33:52+00:00\" \/>\n<meta name=\"twitter:card\" content=\"summary_large_image\" \/>\n<script type=\"application\/ld+json\" class=\"yoast-schema-graph\">{\"@context\":\"https:\\\/\\\/schema.org\",\"@graph\":[{\"@type\":\"WebPage\",\"@id\":\"https:\\\/\\\/neocultura.com.br\\\/esp\\\/\",\"url\":\"https:\\\/\\\/neocultura.com.br\\\/esp\\\/\",\"name\":\"Unidade de Neg\u00f3cios - Neoesporte\",\"isPartOf\":{\"@id\":\"https:\\\/\\\/neocultura.com.br\\\/esp\\\/#website\"},\"datePublished\":\"2024-04-10T16:27:55+00:00\",\"dateModified\":\"2024-05-09T12:33:52+00:00\",\"breadcrumb\":{\"@id\":\"https:\\\/\\\/neocultura.com.br\\\/esp\\\/#breadcrumb\"},\"inLanguage\":\"pt-BR\",\"potentialAction\":[{\"@type\":\"ReadAction\",\"target\":[\"https:\\\/\\\/neocultura.com.br\\\/esp\\\/\"]}]},{\"@type\":\"BreadcrumbList\",\"@id\":\"https:\\\/\\\/neocultura.com.br\\\/esp\\\/#breadcrumb\",\"itemListElement\":[{\"@type\":\"ListItem\",\"position\":1,\"name\":\"In\u00edcio\",\"item\":\"https:\\\/\\\/neocultura.com.br\\\/esp\\\/\"},{\"@type\":\"ListItem\",\"position\":2,\"name\":\"Unidade de Neg\u00f3cios\"}]},{\"@type\":\"WebSite\",\"@id\":\"https:\\\/\\\/neocultura.com.br\\\/esp\\\/#website\",\"url\":\"https:\\\/\\\/neocultura.com.br\\\/esp\\\/\",\"name\":\"Neoesporte\",\"description\":\"Neoesporte\",\"potentialAction\":[{\"@type\":\"SearchAction\",\"target\":{\"@type\":\"EntryPoint\",\"urlTemplate\":\"https:\\\/\\\/neocultura.com.br\\\/esp\\\/?s={search_term_string}\"},\"query-input\":{\"@type\":\"PropertyValueSpecification\",\"valueRequired\":true,\"valueName\":\"search_term_string\"}}],\"inLanguage\":\"pt-BR\"}]}<\/script>\n<!-- \/ Yoast SEO plugin. -->","yoast_head_json":{"title":"Unidade de Neg\u00f3cios - Neoesporte","robots":{"index":"index","follow":"follow","max-snippet":"max-snippet:-1","max-image-preview":"max-image-preview:large","max-video-preview":"max-video-preview:-1"},"canonical":"https:\/\/neocultura.com.br\/esp\/","og_locale":"pt_BR","og_type":"article","og_title":"Unidade de Neg\u00f3cios - Neoesporte","og_description":"Uma unidade de neg\u00f3cios dedicada ao Esporte e ao Entretenimento Levamos inova\u00e7\u00e3o tecnol\u00f3gica aos pa\u00edses latino-americanosA NEOCULTURA \u00e9 reconhecida por buscar no cen\u00e1rio internacional modernas solu\u00e7\u00f5es tecnol\u00f3gicas de comunica\u00e7\u00e3o, disponibilizando-as localmente.Desde 2007 atendemos os setores da cultura e do turismo, sendo l\u00edderes em solu\u00e7\u00f5es de visitas audioguiadas. Expandimos nossa atua\u00e7\u00e3o atrav\u00e9s da NEOESPORTE, a qual [&hellip;]","og_url":"https:\/\/neocultura.com.br\/esp\/","og_site_name":"Neoesporte","article_modified_time":"2024-05-09T12:33:52+00:00","twitter_card":"summary_large_image","schema":{"@context":"https:\/\/schema.org","@graph":[{"@type":"WebPage","@id":"https:\/\/neocultura.com.br\/esp\/","url":"https:\/\/neocultura.com.br\/esp\/","name":"Unidade de Neg\u00f3cios - Neoesporte","isPartOf":{"@id":"https:\/\/neocultura.com.br\/esp\/#website"},"datePublished":"2024-04-10T16:27:55+00:00","dateModified":"2024-05-09T12:33:52+00:00","breadcrumb":{"@id":"https:\/\/neocultura.com.br\/esp\/#breadcrumb"},"inLanguage":"pt-BR","potentialAction":[{"@type":"ReadAction","target":["https:\/\/neocultura.com.br\/esp\/"]}]},{"@type":"BreadcrumbList","@id":"https:\/\/neocultura.com.br\/esp\/#breadcrumb","itemListElement":[{"@type":"ListItem","position":1,"name":"In\u00edcio","item":"https:\/\/neocultura.com.br\/esp\/"},{"@type":"ListItem","position":2,"name":"Unidade de Neg\u00f3cios"}]},{"@type":"WebSite","@id":"https:\/\/neocultura.com.br\/esp\/#website","url":"https:\/\/neocultura.com.br\/esp\/","name":"Neoesporte","description":"Neoesporte","potentialAction":[{"@type":"SearchAction","target":{"@type":"EntryPoint","urlTemplate":"https:\/\/neocultura.com.br\/esp\/?s={search_term_string}"},"query-input":{"@type":"PropertyValueSpecification","valueRequired":true,"valueName":"search_term_string"}}],"inLanguage":"pt-BR"}]}},"_links":{"self":[{"href":"https:\/\/neocultura.com.br\/esp\/wp-json\/wp\/v2\/pages\/15","targetHints":{"allow":["GET"]}}],"collection":[{"href":"https:\/\/neocultura.com.br\/esp\/wp-json\/wp\/v2\/pages"}],"about":[{"href":"https:\/\/neocultura.com.br\/esp\/wp-json\/wp\/v2\/types\/page"}],"author":[{"embeddable":true,"href":"https:\/\/neocultura.com.br\/esp\/wp-json\/wp\/v2\/users\/1"}],"replies":[{"embeddable":true,"href":"https:\/\/neocultura.com.br\/esp\/wp-json\/wp\/v2\/comments?post=15"}],"version-history":[{"count":97,"href":"https:\/\/neocultura.com.br\/esp\/wp-json\/wp\/v2\/pages\/15\/revisions"}],"predecessor-version":[{"id":1334,"href":"https:\/\/neocultura.com.br\/esp\/wp-json\/wp\/v2\/pages\/15\/revisions\/1334"}],"wp:attachment":[{"href":"https:\/\/neocultura.com.br\/esp\/wp-json\/wp\/v2\/media?parent=15"}],"curies":[{"name":"wp","href":"https:\/\/api.w.org\/{rel}","templated":true}]}}